{"id":2014,"date":"2016-07-10T07:54:36","date_gmt":"2016-07-10T07:54:36","guid":{"rendered":"http:\/\/viaggi.dorola.net\/?page_id=2014"},"modified":"2025-09-11T13:43:15","modified_gmt":"2025-09-11T13:43:15","slug":"meravigliosi-siti-da-visitare-in-indocina","status":"publish","type":"page","link":"https:\/\/www.amotravel.com\/it\/meravigliosi-siti-da-visitare-in-indocina\/","title":{"rendered":"Siti Da Visitare"},"content":{"rendered":"<h2><strong>Siti da Scoprire in Vietnam, Cambogia e Laos<\/strong><\/h2>\n<p>Le offerte dei pacchetti di viaggio per Vietnam, Laos e Cambogia sono particolarmente abbondanti sull\u2019Internet. La maggioranza di queste offerte organizza dei viaggi\u00a0 concentrando sui <strong>s<\/strong><strong>iti da visitare Indochina<\/strong> da non perdere,\u00a0chiamate da Amo Travel <strong>&#8220;5H + 1S&#8221;<\/strong> in Vietnam (Hanoi,\u00a0 Halong Bay, Hue, Hoi An, Ho Chi Minh e Sapa), Siem Reap, Phnompenh in Cambogia e Luang Prabang in Laos.<\/p>\n<p>Questi posti rappresentano l\u2019anima o perfino il simbolo dei 3 paesi. Tuttavia, sappiamo tutto che la bellezza dell\u2019Indocina non si ferma in questi pochi nomi, anzi, molti altri luoghi perfino innominati sulla mappa turistica mondiale ci fa stupire anche di pi\u00f9 per la sua natura, la storia, l\u2019architetura e pi\u00f9 spesso per la cultura \u2013 il tesoro immatriale del proprio paese.<\/p>\n<p>Amo Travel si fa conoscere non solo per la qualit\u00e0 dei servizi, la professionalit\u00e0 dello staff ma anche per la particolarit\u00e0 dei suoi prodotti turistici \u00a0rispetto agli altri. Dopo anni di lavoro sodo nel campo turistico, abbiamo compiuto numerosi viaggi di ispezione dappertutto nei 3 paesi. Tali viaggi ci hanno regalato delle preziose esperienze e conoscenze sulla Terra Indocina, da cui possiamo disegnare\u00a0 i viaggi speciali\u00a0 e adeguati ai vari gusti dei turisti. La forza dei nostri prodotti sta nel evidenziare i punti emblematici di ogni terra, portare la gente alle zone pi\u00f9 autentiche contribuendo a formare il eco-turismo. Insieme al Amo Travel, i turisiti hanno possibilit\u00e0 di sperimentare i particolari viaggi di avventura urbana e i viaggi progettati esclusivamente per gli amanti di photos, di bicicletta etc\u2026 presso proprio questi\u00a0<strong>s<\/strong><strong>iti da visitare Indochina.<\/strong><\/p>\n<p>Tutto suddetto risulta senz\u2019altro la filosofia del Amo Travel.<\/p>\n<p>Siamo lieti di presentarvi questo portale dove troverete le informazioni molto utili allo scopo di fornirvi una conoscenza di base sui vari aspetti quali storia, geografia, demografia e patrimonio. Le breve descrizioni sui nostri prodotti turistici o le testimonienze dei nostri clienti Vi daranno un database molto utile per personalizzare i vs propri viaggi.<\/p>\n<p>Per facilitare la lettura, abbiamo classificato il sito per area geografica: il Vietnam viene divisa in tre regioni: Nord, Centro e Sud. Laos e Cambogia hanno la loro propria sezione. Infine, la sezione \u201cle pi\u00f9 belle spiagge del Vietnam\u201d \u00e8 dedicato per chi ama dei piaceri balneari.<\/p>\n","protected":false},"excerpt":{"rendered":"<p>Siti da Scoprire in Vietnam, Cambogia e Laos Le offerte dei pacchetti di viaggio per Vietnam, Laos e Cambogia sono particolarmente abbondanti sull\u2019Internet. La maggioranza di queste offerte organizza dei viaggi\u00a0 concentrando sui siti da visitare Indochina da non perdere,\u00a0chiamate da Amo Travel &#8220;5H + 1S&#8221; in Vietnam (Hanoi,\u00a0 Halong Bay, Hue, Hoi An, Ho [&hellip;]<\/p>\n","protected":false},"author":12,"featured_media":0,"parent":0,"menu_order":24,"comment_status":"closed","ping_status":"closed","template":"destination-page.php","meta":{"footnotes":""},"class_list":["post-2014","page","type-page","status-publish","hentry"],"acf":[],"yoast_head":"<!-- This site is optimized with the Yoast SEO plugin v27.6 - https:\/\/yoast.com\/product\/yoast-seo-wordpress\/ -->\n<title>MERAVIGLIOSI SITI DA VISITARE IN INDOCINA | AMO TRAVEL<\/title>\n<meta name=\"description\" content=\"AmoTravel vi accompagner\u00e0 ai migliori siti da visitare in Indochina, composti dai pi\u00f9 simbolici dei 3 paesi: Vietnam, Laose Cambogia. Dai luoghi storici alle mete balneari pi\u00f9 preferite, vi offriamo non solo un viaggio ben organizzato ma anche i servizi pi\u00f9 professionali. Prenotate oggi per cominciare la vostra propria avventura!\" \/>\n<meta name=\"robots\" content=\"index, follow, max-snippet:-1, max-image-preview:large, max-video-preview:-1\" \/>\n<link rel=\"canonical\" href=\"https:\/\/www.amotravel.com\/it\/meravigliosi-siti-da-visitare-in-indocina\/\" \/>\n<meta property=\"og:locale\" content=\"vi_VN\" \/>\n<meta property=\"og:type\" content=\"article\" \/>\n<meta property=\"og:title\" content=\"MERAVIGLIOSI SITI DA VISITARE IN INDOCINA | AMO TRAVEL\" \/>\n<meta property=\"og:description\" content=\"AmoTravel vi accompagner\u00e0 ai migliori siti da visitare in Indochina, composti dai pi\u00f9 simbolici dei 3 paesi: Vietnam, Laose Cambogia. Dai luoghi storici alle mete balneari pi\u00f9 preferite, vi offriamo non solo un viaggio ben organizzato ma anche i servizi pi\u00f9 professionali. Prenotate oggi per cominciare la vostra propria avventura!\" \/>\n<meta property=\"og:url\" content=\"https:\/\/www.amotravel.com\/it\/meravigliosi-siti-da-visitare-in-indocina\/\" \/>\n<meta property=\"og:site_name\" content=\"Amo Travel Italiano\" \/>\n<meta property=\"article:publisher\" content=\"https:\/\/www.facebook.com\/AmoTravelItaliano\" \/>\n<meta property=\"article:modified_time\" content=\"2025-09-11T13:43:15+00:00\" \/>\n<meta name=\"twitter:card\" content=\"summary_large_image\" \/>\n<meta name=\"twitter:label1\" content=\"\u01af\u1edbc t\u00ednh th\u1eddi gian \u0111\u1ecdc\" \/>\n\t<meta name=\"twitter:data1\" content=\"3 ph\u00fat\" \/>\n<script type=\"application\/ld+json\" class=\"yoast-schema-graph\">{\"@context\":\"https:\\\/\\\/schema.org\",\"@graph\":[{\"@type\":\"WebPage\",\"@id\":\"https:\\\/\\\/www.amotravel.com\\\/it\\\/meravigliosi-siti-da-visitare-in-indocina\\\/\",\"url\":\"https:\\\/\\\/www.amotravel.com\\\/it\\\/meravigliosi-siti-da-visitare-in-indocina\\\/\",\"name\":\"MERAVIGLIOSI SITI DA VISITARE IN INDOCINA | AMO TRAVEL\",\"isPartOf\":{\"@id\":\"https:\\\/\\\/www.amotravel.com\\\/it\\\/#website\"},\"datePublished\":\"2016-07-10T07:54:36+00:00\",\"dateModified\":\"2025-09-11T13:43:15+00:00\",\"description\":\"AmoTravel vi accompagner\u00e0 ai migliori siti da visitare in Indochina, composti dai pi\u00f9 simbolici dei 3 paesi: Vietnam, Laose Cambogia. Dai luoghi storici alle mete balneari pi\u00f9 preferite, vi offriamo non solo un viaggio ben organizzato ma anche i servizi pi\u00f9 professionali. Prenotate oggi per cominciare la vostra propria avventura!\",\"breadcrumb\":{\"@id\":\"https:\\\/\\\/www.amotravel.com\\\/it\\\/meravigliosi-siti-da-visitare-in-indocina\\\/#breadcrumb\"},\"inLanguage\":\"vi\",\"potentialAction\":[{\"@type\":\"ReadAction\",\"target\":[\"https:\\\/\\\/www.amotravel.com\\\/it\\\/meravigliosi-siti-da-visitare-in-indocina\\\/\"]}]},{\"@type\":\"BreadcrumbList\",\"@id\":\"https:\\\/\\\/www.amotravel.com\\\/it\\\/meravigliosi-siti-da-visitare-in-indocina\\\/#breadcrumb\",\"itemListElement\":[{\"@type\":\"ListItem\",\"position\":1,\"name\":\"Home\",\"item\":\"https:\\\/\\\/www.amotravel.com\\\/it\\\/\"},{\"@type\":\"ListItem\",\"position\":2,\"name\":\"Siti Da Visitare\"}]},{\"@type\":\"WebSite\",\"@id\":\"https:\\\/\\\/www.amotravel.com\\\/it\\\/#website\",\"url\":\"https:\\\/\\\/www.amotravel.com\\\/it\\\/\",\"name\":\"Amo Travel Italiano\",\"description\":\"\",\"potentialAction\":[{\"@type\":\"SearchAction\",\"target\":{\"@type\":\"EntryPoint\",\"urlTemplate\":\"https:\\\/\\\/www.amotravel.com\\\/it\\\/?s={search_term_string}\"},\"query-input\":{\"@type\":\"PropertyValueSpecification\",\"valueRequired\":true,\"valueName\":\"search_term_string\"}}],\"inLanguage\":\"vi\"}]}<\/script>\n<!-- \/ Yoast SEO plugin. -->","yoast_head_json":{"title":"MERAVIGLIOSI SITI DA VISITARE IN INDOCINA | AMO TRAVEL","description":"AmoTravel vi accompagner\u00e0 ai migliori siti da visitare in Indochina, composti dai pi\u00f9 simbolici dei 3 paesi: Vietnam, Laose Cambogia. Dai luoghi storici alle mete balneari pi\u00f9 preferite, vi offriamo non solo un viaggio ben organizzato ma anche i servizi pi\u00f9 professionali. Prenotate oggi per cominciare la vostra propria avventura!","robots":{"index":"index","follow":"follow","max-snippet":"max-snippet:-1","max-image-preview":"max-image-preview:large","max-video-preview":"max-video-preview:-1"},"canonical":"https:\/\/www.amotravel.com\/it\/meravigliosi-siti-da-visitare-in-indocina\/","og_locale":"vi_VN","og_type":"article","og_title":"MERAVIGLIOSI SITI DA VISITARE IN INDOCINA | AMO TRAVEL","og_description":"AmoTravel vi accompagner\u00e0 ai migliori siti da visitare in Indochina, composti dai pi\u00f9 simbolici dei 3 paesi: Vietnam, Laose Cambogia. Dai luoghi storici alle mete balneari pi\u00f9 preferite, vi offriamo non solo un viaggio ben organizzato ma anche i servizi pi\u00f9 professionali. Prenotate oggi per cominciare la vostra propria avventura!","og_url":"https:\/\/www.amotravel.com\/it\/meravigliosi-siti-da-visitare-in-indocina\/","og_site_name":"Amo Travel Italiano","article_publisher":"https:\/\/www.facebook.com\/AmoTravelItaliano","article_modified_time":"2025-09-11T13:43:15+00:00","twitter_card":"summary_large_image","twitter_misc":{"\u01af\u1edbc t\u00ednh th\u1eddi gian \u0111\u1ecdc":"3 ph\u00fat"},"schema":{"@context":"https:\/\/schema.org","@graph":[{"@type":"WebPage","@id":"https:\/\/www.amotravel.com\/it\/meravigliosi-siti-da-visitare-in-indocina\/","url":"https:\/\/www.amotravel.com\/it\/meravigliosi-siti-da-visitare-in-indocina\/","name":"MERAVIGLIOSI SITI DA VISITARE IN INDOCINA | AMO TRAVEL","isPartOf":{"@id":"https:\/\/www.amotravel.com\/it\/#website"},"datePublished":"2016-07-10T07:54:36+00:00","dateModified":"2025-09-11T13:43:15+00:00","description":"AmoTravel vi accompagner\u00e0 ai migliori siti da visitare in Indochina, composti dai pi\u00f9 simbolici dei 3 paesi: Vietnam, Laose Cambogia. Dai luoghi storici alle mete balneari pi\u00f9 preferite, vi offriamo non solo un viaggio ben organizzato ma anche i servizi pi\u00f9 professionali. Prenotate oggi per cominciare la vostra propria avventura!","breadcrumb":{"@id":"https:\/\/www.amotravel.com\/it\/meravigliosi-siti-da-visitare-in-indocina\/#breadcrumb"},"inLanguage":"vi","potentialAction":[{"@type":"ReadAction","target":["https:\/\/www.amotravel.com\/it\/meravigliosi-siti-da-visitare-in-indocina\/"]}]},{"@type":"BreadcrumbList","@id":"https:\/\/www.amotravel.com\/it\/meravigliosi-siti-da-visitare-in-indocina\/#breadcrumb","itemListElement":[{"@type":"ListItem","position":1,"name":"Home","item":"https:\/\/www.amotravel.com\/it\/"},{"@type":"ListItem","position":2,"name":"Siti Da Visitare"}]},{"@type":"WebSite","@id":"https:\/\/www.amotravel.com\/it\/#website","url":"https:\/\/www.amotravel.com\/it\/","name":"Amo Travel Italiano","description":"","potentialAction":[{"@type":"SearchAction","target":{"@type":"EntryPoint","urlTemplate":"https:\/\/www.amotravel.com\/it\/?s={search_term_string}"},"query-input":{"@type":"PropertyValueSpecification","valueRequired":true,"valueName":"search_term_string"}}],"inLanguage":"vi"}]}},"_links":{"self":[{"href":"https:\/\/www.amotravel.com\/it\/wp-json\/wp\/v2\/pages\/2014","targetHints":{"allow":["GET"]}}],"collection":[{"href":"https:\/\/www.amotravel.com\/it\/wp-json\/wp\/v2\/pages"}],"about":[{"href":"https:\/\/www.amotravel.com\/it\/wp-json\/wp\/v2\/types\/page"}],"author":[{"embeddable":true,"href":"https:\/\/www.amotravel.com\/it\/wp-json\/wp\/v2\/users\/12"}],"replies":[{"embeddable":true,"href":"https:\/\/www.amotravel.com\/it\/wp-json\/wp\/v2\/comments?post=2014"}],"version-history":[{"count":12,"href":"https:\/\/www.amotravel.com\/it\/wp-json\/wp\/v2\/pages\/2014\/revisions"}],"predecessor-version":[{"id":23069,"href":"https:\/\/www.amotravel.com\/it\/wp-json\/wp\/v2\/pages\/2014\/revisions\/23069"}],"wp:attachment":[{"href":"https:\/\/www.amotravel.com\/it\/wp-json\/wp\/v2\/media?parent=2014"}],"curies":[{"name":"wp","href":"https:\/\/api.w.org\/{rel}","templated":true}]}}