{"id":1580,"date":"2016-06-07T09:09:46","date_gmt":"2016-06-07T09:09:46","guid":{"rendered":"http:\/\/viaggi.dorola.net\/?page_id=1580"},"modified":"2020-07-25T15:54:27","modified_gmt":"2020-07-25T15:54:27","slug":"la-popolazione","status":"publish","type":"page","link":"https:\/\/www.amotravel.com\/it\/la-popolazione\/","title":{"rendered":"La popolazione del Vietnam"},"content":{"rendered":"<p><strong>La popolazione del Vietnam:<\/strong> Vietnam ha, nel 2014, 90 milioni di persone, di cui un terzo sono sotto i 20 anni. Questa popolazione Jeunne consiste di 54 gruppi etnici. Oltre alla maggioranza etnica Kinh o Viet (quasi il 90% della popolazione), le minoranze nazionali includono elementi indigeni (gruppi etnici che abitano altipiani centrali del paese, la pi\u00f9 importante delle quali sono Bahnar il Sedang, la Mnong) ed elementi impiantati (i Khmer vivono nel delta del Mekong, il discendente Chams dell&#8217;antica Champa).<\/p>\n<p>I Viet vivono principalmente nelle due aree pi\u00f9 fertili: delta del Fiume Rosso e Mekong fiume e le pianure costiere del paese del Centro. Queste regioni Viet bassi hanno un ruolo molto pi\u00f9 grande di altri gruppi etnici provenienti da altopiani, grazie non solo al loro numero, ma anche lo sviluppo della loro economia agricola e loro contatti con culture straniere grazie la vicinanza del mare.<\/p>\n<p>Diversi gruppi etnici, la maggior parte tailandese, stavano in piccole valli, ai piedi delle montagne. Praticano riso allagato campo e anche come taglia e brucia.<\/p>\n<p>Le regioni di alta e media montagna forniscono habitat ampiamente dispersi fazioni etniche, appartenenti a diverse famiglie linguistiche: Austro-Asiatic, tibeto-Burman, o in mezzo. Essi esercitano spostare la coltura e la terra arida.<\/p>\n<p>Ogni minoranza etnica parla la sua lingua e si distingue dagli altri per le sue abitudini, il suo modo di dimora, il suo modo di vestire. Il Vietnam \u00e8 assity una vera convivenza nella diversit\u00e0. Diversi gruppi etnici hanno la loro propria scrittura, ma lo script ufficiale del Vietnam \u00e8 la sceneggiatura romanizzato Viet.<\/p>\n","protected":false},"excerpt":{"rendered":"<p>La popolazione del Vietnam: Vietnam ha, nel 2014, 90 milioni di persone, di cui un terzo sono sotto i 20 anni. Questa popolazione Jeunne consiste di 54 gruppi etnici. Oltre alla maggioranza etnica Kinh o Viet (quasi il 90% della popolazione), le minoranze nazionali includono elementi indigeni (gruppi etnici che abitano altipiani centrali del paese, [&hellip;]<\/p>\n","protected":false},"author":12,"featured_media":1455,"parent":0,"menu_order":17,"comment_status":"closed","ping_status":"closed","template":"","meta":{"footnotes":""},"class_list":["post-1580","page","type-page","status-publish","has-post-thumbnail","hentry"],"acf":[],"yoast_head":"<!-- This site is optimized with the Yoast SEO plugin v27.3 - https:\/\/yoast.com\/product\/yoast-seo-wordpress\/ -->\n<title>La popolazione del Vietnam - Amo Travel Italiano<\/title>\n<meta name=\"robots\" content=\"index, follow, max-snippet:-1, max-image-preview:large, max-video-preview:-1\" \/>\n<link rel=\"canonical\" href=\"https:\/\/www.amotravel.com\/it\/la-popolazione\/\" \/>\n<meta property=\"og:locale\" content=\"vi_VN\" \/>\n<meta property=\"og:type\" content=\"article\" \/>\n<meta property=\"og:title\" content=\"La popolazione del Vietnam - Amo Travel Italiano\" \/>\n<meta property=\"og:description\" content=\"La popolazione del Vietnam: Vietnam ha, nel 2014, 90 milioni di persone, di cui un terzo sono sotto i 20 anni. Questa popolazione Jeunne consiste di 54 gruppi etnici. Oltre alla maggioranza etnica Kinh o Viet (quasi il 90% della popolazione), le minoranze nazionali includono elementi indigeni (gruppi etnici che abitano altipiani centrali del paese, [&hellip;]\" \/>\n<meta property=\"og:url\" content=\"https:\/\/www.amotravel.com\/it\/la-popolazione\/\" \/>\n<meta property=\"og:site_name\" content=\"Amo Travel Italiano\" \/>\n<meta property=\"article:publisher\" content=\"https:\/\/www.facebook.com\/AmoTravelItaliano\" \/>\n<meta property=\"article:modified_time\" content=\"2020-07-25T15:54:27+00:00\" \/>\n<meta property=\"og:image\" content=\"https:\/\/www.amotravel.com\/it\/wp-content\/uploads\/2016\/06\/slide.jpg\" \/>\n\t<meta property=\"og:image:width\" content=\"650\" \/>\n\t<meta property=\"og:image:height\" content=\"350\" \/>\n\t<meta property=\"og:image:type\" content=\"image\/jpeg\" \/>\n<meta name=\"twitter:card\" content=\"summary_large_image\" \/>\n<meta name=\"twitter:label1\" content=\"\u01af\u1edbc t\u00ednh th\u1eddi gian \u0111\u1ecdc\" \/>\n\t<meta name=\"twitter:data1\" content=\"1 ph\u00fat\" \/>\n<script type=\"application\/ld+json\" class=\"yoast-schema-graph\">{\"@context\":\"https:\\\/\\\/schema.org\",\"@graph\":[{\"@type\":\"WebPage\",\"@id\":\"https:\\\/\\\/www.amotravel.com\\\/it\\\/la-popolazione\\\/\",\"url\":\"https:\\\/\\\/www.amotravel.com\\\/it\\\/la-popolazione\\\/\",\"name\":\"La popolazione del Vietnam - Amo Travel Italiano\",\"isPartOf\":{\"@id\":\"https:\\\/\\\/www.amotravel.com\\\/it\\\/#website\"},\"primaryImageOfPage\":{\"@id\":\"https:\\\/\\\/www.amotravel.com\\\/it\\\/la-popolazione\\\/#primaryimage\"},\"image\":{\"@id\":\"https:\\\/\\\/www.amotravel.com\\\/it\\\/la-popolazione\\\/#primaryimage\"},\"thumbnailUrl\":\"https:\\\/\\\/www.amotravel.com\\\/it\\\/wp-content\\\/uploads\\\/2016\\\/06\\\/slide.jpg\",\"datePublished\":\"2016-06-07T09:09:46+00:00\",\"dateModified\":\"2020-07-25T15:54:27+00:00\",\"breadcrumb\":{\"@id\":\"https:\\\/\\\/www.amotravel.com\\\/it\\\/la-popolazione\\\/#breadcrumb\"},\"inLanguage\":\"vi\",\"potentialAction\":[{\"@type\":\"ReadAction\",\"target\":[\"https:\\\/\\\/www.amotravel.com\\\/it\\\/la-popolazione\\\/\"]}]},{\"@type\":\"ImageObject\",\"inLanguage\":\"vi\",\"@id\":\"https:\\\/\\\/www.amotravel.com\\\/it\\\/la-popolazione\\\/#primaryimage\",\"url\":\"https:\\\/\\\/www.amotravel.com\\\/it\\\/wp-content\\\/uploads\\\/2016\\\/06\\\/slide.jpg\",\"contentUrl\":\"https:\\\/\\\/www.amotravel.com\\\/it\\\/wp-content\\\/uploads\\\/2016\\\/06\\\/slide.jpg\",\"width\":650,\"height\":350,\"caption\":\"Viaggio nel Vietnam al nord\"},{\"@type\":\"BreadcrumbList\",\"@id\":\"https:\\\/\\\/www.amotravel.com\\\/it\\\/la-popolazione\\\/#breadcrumb\",\"itemListElement\":[{\"@type\":\"ListItem\",\"position\":1,\"name\":\"Home\",\"item\":\"https:\\\/\\\/www.amotravel.com\\\/it\\\/\"},{\"@type\":\"ListItem\",\"position\":2,\"name\":\"La popolazione del Vietnam\"}]},{\"@type\":\"WebSite\",\"@id\":\"https:\\\/\\\/www.amotravel.com\\\/it\\\/#website\",\"url\":\"https:\\\/\\\/www.amotravel.com\\\/it\\\/\",\"name\":\"Amo Travel Italiano\",\"description\":\"\",\"potentialAction\":[{\"@type\":\"SearchAction\",\"target\":{\"@type\":\"EntryPoint\",\"urlTemplate\":\"https:\\\/\\\/www.amotravel.com\\\/it\\\/?s={search_term_string}\"},\"query-input\":{\"@type\":\"PropertyValueSpecification\",\"valueRequired\":true,\"valueName\":\"search_term_string\"}}],\"inLanguage\":\"vi\"}]}<\/script>\n<!-- \/ Yoast SEO plugin. -->","yoast_head_json":{"title":"La popolazione del Vietnam - Amo Travel Italiano","robots":{"index":"index","follow":"follow","max-snippet":"max-snippet:-1","max-image-preview":"max-image-preview:large","max-video-preview":"max-video-preview:-1"},"canonical":"https:\/\/www.amotravel.com\/it\/la-popolazione\/","og_locale":"vi_VN","og_type":"article","og_title":"La popolazione del Vietnam - Amo Travel Italiano","og_description":"La popolazione del Vietnam: Vietnam ha, nel 2014, 90 milioni di persone, di cui un terzo sono sotto i 20 anni. Questa popolazione Jeunne consiste di 54 gruppi etnici. Oltre alla maggioranza etnica Kinh o Viet (quasi il 90% della popolazione), le minoranze nazionali includono elementi indigeni (gruppi etnici che abitano altipiani centrali del paese, [&hellip;]","og_url":"https:\/\/www.amotravel.com\/it\/la-popolazione\/","og_site_name":"Amo Travel Italiano","article_publisher":"https:\/\/www.facebook.com\/AmoTravelItaliano","article_modified_time":"2020-07-25T15:54:27+00:00","og_image":[{"width":650,"height":350,"url":"https:\/\/www.amotravel.com\/it\/wp-content\/uploads\/2016\/06\/slide.jpg","type":"image\/jpeg"}],"twitter_card":"summary_large_image","twitter_misc":{"\u01af\u1edbc t\u00ednh th\u1eddi gian \u0111\u1ecdc":"1 ph\u00fat"},"schema":{"@context":"https:\/\/schema.org","@graph":[{"@type":"WebPage","@id":"https:\/\/www.amotravel.com\/it\/la-popolazione\/","url":"https:\/\/www.amotravel.com\/it\/la-popolazione\/","name":"La popolazione del Vietnam - Amo Travel Italiano","isPartOf":{"@id":"https:\/\/www.amotravel.com\/it\/#website"},"primaryImageOfPage":{"@id":"https:\/\/www.amotravel.com\/it\/la-popolazione\/#primaryimage"},"image":{"@id":"https:\/\/www.amotravel.com\/it\/la-popolazione\/#primaryimage"},"thumbnailUrl":"https:\/\/www.amotravel.com\/it\/wp-content\/uploads\/2016\/06\/slide.jpg","datePublished":"2016-06-07T09:09:46+00:00","dateModified":"2020-07-25T15:54:27+00:00","breadcrumb":{"@id":"https:\/\/www.amotravel.com\/it\/la-popolazione\/#breadcrumb"},"inLanguage":"vi","potentialAction":[{"@type":"ReadAction","target":["https:\/\/www.amotravel.com\/it\/la-popolazione\/"]}]},{"@type":"ImageObject","inLanguage":"vi","@id":"https:\/\/www.amotravel.com\/it\/la-popolazione\/#primaryimage","url":"https:\/\/www.amotravel.com\/it\/wp-content\/uploads\/2016\/06\/slide.jpg","contentUrl":"https:\/\/www.amotravel.com\/it\/wp-content\/uploads\/2016\/06\/slide.jpg","width":650,"height":350,"caption":"Viaggio nel Vietnam al nord"},{"@type":"BreadcrumbList","@id":"https:\/\/www.amotravel.com\/it\/la-popolazione\/#breadcrumb","itemListElement":[{"@type":"ListItem","position":1,"name":"Home","item":"https:\/\/www.amotravel.com\/it\/"},{"@type":"ListItem","position":2,"name":"La popolazione del Vietnam"}]},{"@type":"WebSite","@id":"https:\/\/www.amotravel.com\/it\/#website","url":"https:\/\/www.amotravel.com\/it\/","name":"Amo Travel Italiano","description":"","potentialAction":[{"@type":"SearchAction","target":{"@type":"EntryPoint","urlTemplate":"https:\/\/www.amotravel.com\/it\/?s={search_term_string}"},"query-input":{"@type":"PropertyValueSpecification","valueRequired":true,"valueName":"search_term_string"}}],"inLanguage":"vi"}]}},"_links":{"self":[{"href":"https:\/\/www.amotravel.com\/it\/wp-json\/wp\/v2\/pages\/1580","targetHints":{"allow":["GET"]}}],"collection":[{"href":"https:\/\/www.amotravel.com\/it\/wp-json\/wp\/v2\/pages"}],"about":[{"href":"https:\/\/www.amotravel.com\/it\/wp-json\/wp\/v2\/types\/page"}],"author":[{"embeddable":true,"href":"https:\/\/www.amotravel.com\/it\/wp-json\/wp\/v2\/users\/12"}],"replies":[{"embeddable":true,"href":"https:\/\/www.amotravel.com\/it\/wp-json\/wp\/v2\/comments?post=1580"}],"version-history":[{"count":0,"href":"https:\/\/www.amotravel.com\/it\/wp-json\/wp\/v2\/pages\/1580\/revisions"}],"wp:featuredmedia":[{"embeddable":true,"href":"https:\/\/www.amotravel.com\/it\/wp-json\/wp\/v2\/media\/1455"}],"wp:attachment":[{"href":"https:\/\/www.amotravel.com\/it\/wp-json\/wp\/v2\/media?parent=1580"}],"curies":[{"name":"wp","href":"https:\/\/api.w.org\/{rel}","templated":true}]}}