{"id":1576,"date":"2016-06-07T09:08:10","date_gmt":"2016-06-07T09:08:10","guid":{"rendered":"http:\/\/viaggi.dorola.net\/?page_id=1576"},"modified":"2020-07-25T15:52:42","modified_gmt":"2020-07-25T15:52:42","slug":"la-geografia","status":"publish","type":"page","link":"https:\/\/www.amotravel.com\/it\/la-geografia\/","title":{"rendered":"La geografia del Vietnam"},"content":{"rendered":"<p><strong>Vietnam<\/strong> solleva, la sua configurazione <strong>geografica<\/strong>, molti paragoni pittoreschi. A volte \u00e8 un grande &#8220;S&#8221;, che tiene la piccola scuola cercando di memorizzare le cose da simboli. A volte si \u00e8 visto, a causa della sua posizione strategica nel cuore del Sud-Est asiatico e il suo posto come crocevia di civilt\u00e0 e relazioni Est-Ovest, come il balcone del Pacifico. Gli amanti della fantasia di vedere il drago felice come una lunga 1.600 km gigantesca testa e lo stomaco si restringe, i cui piedi stanno camminando sul Mekong. Per chi ha familiarit\u00e0 con scene di vita quotidiana dei contadini vietnamiti, il paese \u00e8 come un giogo che porta due ceste di riso: Delta del Fiume Rosso (15.000 km2) da un lato e il delta del Mekong (60000 km km2) di l&#8217;altra, sia costellata di risaie e in gran parte abitata dalla maggioranza etnica (il Viet).<\/p>\n<p>L&#8217;equivalente della parola &#8220;paese&#8221; in vietnamita \u00e8 &#8220;\u0110\u1ea5t n\u01b0\u1edbc&#8221; (\u0110\u1ea5t: terra, n\u01b0\u1edbc: acqua). Si tratta di due elementi essenziali dell&#8217;economia e della civilt\u00e0 di un popolo il cui stile di vita \u00e8 formato e governata da piantare il riso in campo allagato.<\/p>\n<blockquote>\n<p>Leggi pi\u00f9:\u00a0<a href=\"https:\/\/www.amotravel.com\/it\/mappa-delle-regioni-vietnam-carta-geografica-aeroportuale-stradale\/\" target=\"_blank\" rel=\"noopener noreferrer\">Mappa delle Regioni Vietnam \u2013 Carta Geografica, Aeroportuale, Stradale<\/a><\/p>\n<\/blockquote>\n<p>Un altro termine per &#8220;Paese&#8221; \u00e8 &#8220;n\u00fai s\u00f4ng&#8221; (letteralmente, montagna e di fiume). Troviamo questo elemento onnipresente di acqua, che \u00e8 essenziale per le colture di riso. La parola evoca anche le colline e le montagne, concentrati nel nord e nel centro, che copre tre quarti di una superficie di circa 330.000 km2 e tornitura Mar Orientale quasi 3300 km di costa. I confini del Vietnam con la Cina al Nord (1 650 km), Laos per l&#8217;Occidente (1150 km) e la Cambogia a sud-ovest (950 km), i confini sono ormai pacifica.<\/p>\n<p>Secondo una leggenda popolare, tutti i vietnamiti hanno comuni genitori: il Lac Long Quan valoroso, il drago del mare, e l&#8217;immortale bella Au Co, l&#8217;uccello delle montagne. Essi cento figli che la cui met\u00e0 va in montagna e l&#8217;altra met\u00e0 alle pianure. Questa leggenda, segnata dalla geografia e spesso citato dai vietnamita per giustificare la necessit\u00e0 di solidariet\u00e0 e l&#8217;unit\u00e0, il riflesso della formazione del popolo vietnamita: il popolo, prima installazione ai piedi, stava per conquistare il delta del Fiume Rosso tardi, quando era diventato abbastanza grande per costruire argini lungo i fiumi e le coste.<\/p>\n<p>La lotta contro le devastanti alluvioni, che si ripetono anno dopo anno nel bacino del fiume Rosso per la stagione dei tifoni (da luglio a ottobre), \u00e8 raccontata da un&#8217;altra leggenda, quella del conflitto eterno tra il <strong>Genio della Montagna &#8211; Son Tinh<\/strong> e il <strong>Genio l&#8217;Acqua &#8211; Thuy Tinh<\/strong> di una bella principessa, il conflitto al termine del quale la vittoria appartiene sempre a chi sa come partienter:<strong> il Genio della Montagna.<\/strong><\/p>\n","protected":false},"excerpt":{"rendered":"<p>Vietnam solleva, la sua configurazione geografica, molti paragoni pittoreschi. A volte \u00e8 un grande &#8220;S&#8221;, che tiene la piccola scuola cercando di memorizzare le cose da simboli. A volte si \u00e8 visto, a causa della sua posizione strategica nel cuore del Sud-Est asiatico e il suo posto come crocevia di civilt\u00e0 e relazioni Est-Ovest, come [&hellip;]<\/p>\n","protected":false},"author":12,"featured_media":0,"parent":0,"menu_order":16,"comment_status":"closed","ping_status":"closed","template":"","meta":{"footnotes":""},"class_list":["post-1576","page","type-page","status-publish","hentry"],"acf":[],"yoast_head":"<!-- This site is optimized with the Yoast SEO plugin v27.3 - https:\/\/yoast.com\/product\/yoast-seo-wordpress\/ -->\n<title>La geografia del Vietnam - Amo Travel Italiano<\/title>\n<meta name=\"robots\" content=\"index, follow, max-snippet:-1, max-image-preview:large, max-video-preview:-1\" \/>\n<link rel=\"canonical\" href=\"https:\/\/www.amotravel.com\/it\/la-geografia\/\" \/>\n<meta property=\"og:locale\" content=\"vi_VN\" \/>\n<meta property=\"og:type\" content=\"article\" \/>\n<meta property=\"og:title\" content=\"La geografia del Vietnam - Amo Travel Italiano\" \/>\n<meta property=\"og:description\" content=\"Vietnam solleva, la sua configurazione geografica, molti paragoni pittoreschi. A volte \u00e8 un grande &#8220;S&#8221;, che tiene la piccola scuola cercando di memorizzare le cose da simboli. A volte si \u00e8 visto, a causa della sua posizione strategica nel cuore del Sud-Est asiatico e il suo posto come crocevia di civilt\u00e0 e relazioni Est-Ovest, come [&hellip;]\" \/>\n<meta property=\"og:url\" content=\"https:\/\/www.amotravel.com\/it\/la-geografia\/\" \/>\n<meta property=\"og:site_name\" content=\"Amo Travel Italiano\" \/>\n<meta property=\"article:publisher\" content=\"https:\/\/www.facebook.com\/AmoTravelItaliano\" \/>\n<meta property=\"article:modified_time\" content=\"2020-07-25T15:52:42+00:00\" \/>\n<meta name=\"twitter:card\" content=\"summary_large_image\" \/>\n<meta name=\"twitter:label1\" content=\"\u01af\u1edbc t\u00ednh th\u1eddi gian \u0111\u1ecdc\" \/>\n\t<meta name=\"twitter:data1\" content=\"2 ph\u00fat\" \/>\n<script type=\"application\/ld+json\" class=\"yoast-schema-graph\">{\"@context\":\"https:\\\/\\\/schema.org\",\"@graph\":[{\"@type\":\"WebPage\",\"@id\":\"https:\\\/\\\/www.amotravel.com\\\/it\\\/la-geografia\\\/\",\"url\":\"https:\\\/\\\/www.amotravel.com\\\/it\\\/la-geografia\\\/\",\"name\":\"La geografia del Vietnam - Amo Travel Italiano\",\"isPartOf\":{\"@id\":\"https:\\\/\\\/www.amotravel.com\\\/it\\\/#website\"},\"datePublished\":\"2016-06-07T09:08:10+00:00\",\"dateModified\":\"2020-07-25T15:52:42+00:00\",\"breadcrumb\":{\"@id\":\"https:\\\/\\\/www.amotravel.com\\\/it\\\/la-geografia\\\/#breadcrumb\"},\"inLanguage\":\"vi\",\"potentialAction\":[{\"@type\":\"ReadAction\",\"target\":[\"https:\\\/\\\/www.amotravel.com\\\/it\\\/la-geografia\\\/\"]}]},{\"@type\":\"BreadcrumbList\",\"@id\":\"https:\\\/\\\/www.amotravel.com\\\/it\\\/la-geografia\\\/#breadcrumb\",\"itemListElement\":[{\"@type\":\"ListItem\",\"position\":1,\"name\":\"Home\",\"item\":\"https:\\\/\\\/www.amotravel.com\\\/it\\\/\"},{\"@type\":\"ListItem\",\"position\":2,\"name\":\"La geografia del Vietnam\"}]},{\"@type\":\"WebSite\",\"@id\":\"https:\\\/\\\/www.amotravel.com\\\/it\\\/#website\",\"url\":\"https:\\\/\\\/www.amotravel.com\\\/it\\\/\",\"name\":\"Amo Travel Italiano\",\"description\":\"\",\"potentialAction\":[{\"@type\":\"SearchAction\",\"target\":{\"@type\":\"EntryPoint\",\"urlTemplate\":\"https:\\\/\\\/www.amotravel.com\\\/it\\\/?s={search_term_string}\"},\"query-input\":{\"@type\":\"PropertyValueSpecification\",\"valueRequired\":true,\"valueName\":\"search_term_string\"}}],\"inLanguage\":\"vi\"}]}<\/script>\n<!-- \/ Yoast SEO plugin. -->","yoast_head_json":{"title":"La geografia del Vietnam - Amo Travel Italiano","robots":{"index":"index","follow":"follow","max-snippet":"max-snippet:-1","max-image-preview":"max-image-preview:large","max-video-preview":"max-video-preview:-1"},"canonical":"https:\/\/www.amotravel.com\/it\/la-geografia\/","og_locale":"vi_VN","og_type":"article","og_title":"La geografia del Vietnam - Amo Travel Italiano","og_description":"Vietnam solleva, la sua configurazione geografica, molti paragoni pittoreschi. A volte \u00e8 un grande &#8220;S&#8221;, che tiene la piccola scuola cercando di memorizzare le cose da simboli. A volte si \u00e8 visto, a causa della sua posizione strategica nel cuore del Sud-Est asiatico e il suo posto come crocevia di civilt\u00e0 e relazioni Est-Ovest, come [&hellip;]","og_url":"https:\/\/www.amotravel.com\/it\/la-geografia\/","og_site_name":"Amo Travel Italiano","article_publisher":"https:\/\/www.facebook.com\/AmoTravelItaliano","article_modified_time":"2020-07-25T15:52:42+00:00","twitter_card":"summary_large_image","twitter_misc":{"\u01af\u1edbc t\u00ednh th\u1eddi gian \u0111\u1ecdc":"2 ph\u00fat"},"schema":{"@context":"https:\/\/schema.org","@graph":[{"@type":"WebPage","@id":"https:\/\/www.amotravel.com\/it\/la-geografia\/","url":"https:\/\/www.amotravel.com\/it\/la-geografia\/","name":"La geografia del Vietnam - Amo Travel Italiano","isPartOf":{"@id":"https:\/\/www.amotravel.com\/it\/#website"},"datePublished":"2016-06-07T09:08:10+00:00","dateModified":"2020-07-25T15:52:42+00:00","breadcrumb":{"@id":"https:\/\/www.amotravel.com\/it\/la-geografia\/#breadcrumb"},"inLanguage":"vi","potentialAction":[{"@type":"ReadAction","target":["https:\/\/www.amotravel.com\/it\/la-geografia\/"]}]},{"@type":"BreadcrumbList","@id":"https:\/\/www.amotravel.com\/it\/la-geografia\/#breadcrumb","itemListElement":[{"@type":"ListItem","position":1,"name":"Home","item":"https:\/\/www.amotravel.com\/it\/"},{"@type":"ListItem","position":2,"name":"La geografia del Vietnam"}]},{"@type":"WebSite","@id":"https:\/\/www.amotravel.com\/it\/#website","url":"https:\/\/www.amotravel.com\/it\/","name":"Amo Travel Italiano","description":"","potentialAction":[{"@type":"SearchAction","target":{"@type":"EntryPoint","urlTemplate":"https:\/\/www.amotravel.com\/it\/?s={search_term_string}"},"query-input":{"@type":"PropertyValueSpecification","valueRequired":true,"valueName":"search_term_string"}}],"inLanguage":"vi"}]}},"_links":{"self":[{"href":"https:\/\/www.amotravel.com\/it\/wp-json\/wp\/v2\/pages\/1576","targetHints":{"allow":["GET"]}}],"collection":[{"href":"https:\/\/www.amotravel.com\/it\/wp-json\/wp\/v2\/pages"}],"about":[{"href":"https:\/\/www.amotravel.com\/it\/wp-json\/wp\/v2\/types\/page"}],"author":[{"embeddable":true,"href":"https:\/\/www.amotravel.com\/it\/wp-json\/wp\/v2\/users\/12"}],"replies":[{"embeddable":true,"href":"https:\/\/www.amotravel.com\/it\/wp-json\/wp\/v2\/comments?post=1576"}],"version-history":[{"count":0,"href":"https:\/\/www.amotravel.com\/it\/wp-json\/wp\/v2\/pages\/1576\/revisions"}],"wp:attachment":[{"href":"https:\/\/www.amotravel.com\/it\/wp-json\/wp\/v2\/media?parent=1576"}],"curies":[{"name":"wp","href":"https:\/\/api.w.org\/{rel}","templated":true}]}}