{"id":1570,"date":"2016-06-07T08:49:41","date_gmt":"2016-06-07T08:49:41","guid":{"rendered":"http:\/\/viaggi.dorola.net\/?page_id=1570"},"modified":"2020-07-25T16:01:58","modified_gmt":"2020-07-25T16:01:58","slug":"storia-di-vietnam","status":"publish","type":"page","link":"https:\/\/www.amotravel.com\/it\/storia-di-vietnam\/","title":{"rendered":"Storia di Vietnam"},"content":{"rendered":"<p>La storia del Vietnam \u00e8 una storia densa e ricca di eventi, segnata da occupazioni straniere e guerre successive di resistenza. Si \u00e8 sviluppata con successo variabile, il progresso e battute d&#8217;arresto, come quella di tutte le persone. Ma lo scrittore americano Susan Sontag giustamente osservato, al suo ritorno ad Hanoi durante la guerra, che &#8220;la storia \u00e8 (qui) ha vissuto, sentito, e non ha nulla in comune con questo esercizio astratto &#8230; soprattutto sostenuto da intellettuali occidentali. &#8220;Quindi, non abbiamo la vocazione di far parte di questa presentazione di una presentazione, anche sintesi della storia vietnamita. Riteniamo, tuttavia necessario, soprattutto per chi non lo sapesse, conservano alcuni punti di riferimento per un minimo di conoscenza storica del nostro Paese.<\/p>\n<p>Si potrebbe dire per riassumere che, mentre cercano di espandersi a sud, Vietnam \u00e8 sempre stato preoccupato per difendersi contro il suo potente vicino del nord: L&#8217;espansionista della Cina.<\/p>\n<p>Il professore Huu Ngoc perfettamente francofono e francofilo, proposto la seguente formula per alleviare la memoria della storia del Vietnam:<\/p>\n<p>1.000 + 1.000 + 900 + 80 + 30 (anni)<\/p>\n<p>Questo significa:<\/p>\n<ul>\n<li>Meno di 1000 anni prima di Ges\u00f9 Cristo: periodo di formazione dell&#8217;identit\u00e0 nazionale vietnamita: la civilt\u00e0 Viet: Fiume Rosso (Bronzo, periodo Dong Son).<\/li>\n<li>Pi\u00f9 di 1000 anni di dominazione cinese (179 AC &#8211; 938 dC) molte insurrezioni.<\/li>\n<li>900 anni di indipendenza nazionale (938-1862): espansione nazionale dinastie sud influenza culturale cinese e il potenziale di resistenza contro l&#8217;occupante.<\/li>\n<li>80 anni di dominazione coloniale francese (1862-1945): La prima data conquista francese torna al 1858. occupazione giapponese 1940-1945.<\/li>\n<li>30 anni di guerra di indipendenza (della rivoluzione di agosto 1945-1975) guerra di resistenza contro i francesi, si \u00e8 conclusa con la battaglia di Dien Bien Phu (1954) e la guerra di resistenza contro l&#8217;americano, si \u00e8 conclusa con la liberalizzazione Saigon (1954-1975)<\/li>\n<\/ul>\n<p>Dopo una breve recessione in s\u00e9 e l&#8217;economia pianificata dopo la riunificazione, il Vietnam ha cominciato ad aprirsi verso l&#8217;esterno dal 1986, con l&#8217;adozione della cosiddetta politica di rinnovamento, che rapidamente difficolt\u00e0 economiche e diplomatiche di paesi. Il ripristino delle relazioni con gli Stati Uniti \u00e8 iniziata nel 1992 con l&#8217;innalzamento dell&#8217;embargo. Vietnam \u00e8 diventato membro a pieno titolo dell&#8217;Associazione dei paesi del sud-est asiatico (ASEAN) nel 1995 e la sua adesione all&#8217;OMC nel 2006.<\/p>\n<p><strong>Colonizzazione Francese<\/strong>:<\/p>\n<p>L&#8217;interferenza di ammiragli francesi nella politica seguita da interventi militari all&#8217;interno dei confini della nazione, porterebbe alla firma dei trattati del 1862 e il 1874 ponendo Vietnam sotto l&#8217;amministrazione fiduciaria della Francia.<\/p>\n<p>Il regno del defunto imperatore Gia Long \u00e8 stato integrato in una entit\u00e0 geografica chiamata &#8220;Indocina francese&#8221; compresi gli altri due paesi: Cambogia e Laos.<\/p>\n<p>Per ragioni amministrative, il Vietnam era diviso in tre parti: il nord Tonkin, Annam e Cocincina Centro Sud. Mentre Cocincina era direttamente governata dalle autorit\u00e0 francesi come una colonia, Tonchino e Annam diventano protettorati francesi, mantenuto una certa autonomia incarnato da un imperatore, un discendente di Nguyen, che ha tenuto un potere piuttosto simbolica.<\/p>\n<p>Questa abdicazione della sovranit\u00e0 nozionale patrioti vietnamiti si tradurrebbe in una lotta implacabile contro la Francia, la lotta materializzato da molti e frequenti sollevazioni armate in tutto il regno.<\/p>\n<p>Tuttavia non \u00e8 stato fino alla fine. WWII per vedere Vietnam raggiungere l&#8217;indipendenza grazie alla situazione internazionale.<\/p>\n<p><strong>Il recupero di indipendenza:<\/strong><\/p>\n<p>Dopo neutralizzando le autorit\u00e0 francesi il 9 marzo 1945, dalle forze giapponesi di stanza in Vietnam, il primo governo nazionale guidato dal compianto Tran Trong Kim-insegnante stabil\u00ec a Hue, nel mese di aprile lo stesso anno. Successivamente, diversi governi sono riusciti a un ritmo piuttosto rapido, ciascuna delle quali hanno affrontato molte sfide internamente che esternamente.<\/p>\n<p>Questo Adesione indipendenza di fatto \u00e8 stato comunque inutile a livello internazionale. Non \u00e8 stato fino a dieci anni pi\u00f9 tardi, vale a dire, 4 giugno 1954, il governo della Repubblica francese giuridicamente avallando l&#8217;indipendenza del Vietnam, che, di conseguenza, giuridicamente coperto questo date i suoi confini storici, come contenuto nella misurazione ufficiale 1862.<\/p>\n<p>La grande gioia del popolo vietnamita fu di breve durata. In effetti, il destino del paese non \u00e8 stato fornito sigillato: un mese dopo, 21 Luglio 1954 esattamente la Conferenza di Ginevra, approvando gli accordi di cessate il fuoco tra la Francia e il Viet Minh, decretato la divisione del paese in due parti approssimativamente uguali, secondo una linea formata dal 17 \u00b0 parallelo, circa all&#8217;altezza del fiume Ben Hai nella provincia di Quang-Tri (Vietnam centrale).<\/p>\n<p>Le province si trovano a nord di questo fiume ora rientrano nella &#8220;Repubblica Democratica del Vietnam&#8221;, mentre i territori a sud sarebbero prima passare sotto la giurisdizione dello Stato del Vietnam, poi sotto quella di la Repubblica del Vietnam fondata 26 Ottobre 1955, dopo un referendum popolare. Infine, il 1 novembre 1963 una grande rivoluzione congiuntamente dall&#8217;esercito e le persone, \u00e8 riuscito a rovesciare il regime dittatoriale di Ngo Dinh Diem, e stabilire la Seconda Repubblica. Da allora, diversi governi civili e militari sono riusciti a Saigon con successo variabile<\/p>\n<ul>\n<li>1963: l&#8217;intervento militare degli Stati Uniti.<\/li>\n<li>1973: Fine del bombardamento aereo americano del Vietnam del Nord.<\/li>\n<li>1975: Fine della guerra civile. Ritiro delle truppe americane.<\/li>\n<li>1976: Proclamazione della &#8220;Repubblica socialista del Vietnam\u201d.<\/li>\n<\/ul>\n","protected":false},"excerpt":{"rendered":"<p>La storia del Vietnam \u00e8 una storia densa e ricca di eventi, segnata da occupazioni straniere e guerre successive di resistenza. Si \u00e8 sviluppata con successo variabile, il progresso e battute d&#8217;arresto, come quella di tutte le persone. Ma lo scrittore americano Susan Sontag giustamente osservato, al suo ritorno ad Hanoi durante la guerra, che [&hellip;]<\/p>\n","protected":false},"author":12,"featured_media":1017,"parent":0,"menu_order":25,"comment_status":"closed","ping_status":"closed","template":"","meta":{"footnotes":""},"class_list":["post-1570","page","type-page","status-publish","has-post-thumbnail","hentry"],"acf":[],"yoast_head":"<!-- This site is optimized with the Yoast SEO plugin v27.3 - https:\/\/yoast.com\/product\/yoast-seo-wordpress\/ -->\n<title>Storia di Vietnam - Amo Travel Italiano<\/title>\n<meta name=\"robots\" content=\"index, follow, max-snippet:-1, max-image-preview:large, max-video-preview:-1\" \/>\n<link rel=\"canonical\" href=\"https:\/\/www.amotravel.com\/it\/storia-di-vietnam\/\" \/>\n<meta property=\"og:locale\" content=\"vi_VN\" \/>\n<meta property=\"og:type\" content=\"article\" \/>\n<meta property=\"og:title\" content=\"Storia di Vietnam - Amo Travel Italiano\" \/>\n<meta property=\"og:description\" content=\"La storia del Vietnam \u00e8 una storia densa e ricca di eventi, segnata da occupazioni straniere e guerre successive di resistenza. Si \u00e8 sviluppata con successo variabile, il progresso e battute d&#8217;arresto, come quella di tutte le persone. Ma lo scrittore americano Susan Sontag giustamente osservato, al suo ritorno ad Hanoi durante la guerra, che [&hellip;]\" \/>\n<meta property=\"og:url\" content=\"https:\/\/www.amotravel.com\/it\/storia-di-vietnam\/\" \/>\n<meta property=\"og:site_name\" content=\"Amo Travel Italiano\" \/>\n<meta property=\"article:publisher\" content=\"https:\/\/www.facebook.com\/AmoTravelItaliano\" \/>\n<meta property=\"article:modified_time\" content=\"2020-07-25T16:01:58+00:00\" \/>\n<meta property=\"og:image\" content=\"https:\/\/www.amotravel.com\/it\/wp-content\/uploads\/2016\/05\/Ho-Chi-Minh-Mausoleum-Amo-Vietnam-Travel.jpg\" \/>\n\t<meta property=\"og:image:width\" content=\"800\" \/>\n\t<meta property=\"og:image:height\" content=\"534\" \/>\n\t<meta property=\"og:image:type\" content=\"image\/jpeg\" \/>\n<meta name=\"twitter:card\" content=\"summary_large_image\" \/>\n<meta name=\"twitter:label1\" content=\"\u01af\u1edbc t\u00ednh th\u1eddi gian \u0111\u1ecdc\" \/>\n\t<meta name=\"twitter:data1\" content=\"4 ph\u00fat\" \/>\n<script type=\"application\/ld+json\" class=\"yoast-schema-graph\">{\"@context\":\"https:\\\/\\\/schema.org\",\"@graph\":[{\"@type\":\"WebPage\",\"@id\":\"https:\\\/\\\/www.amotravel.com\\\/it\\\/storia-di-vietnam\\\/\",\"url\":\"https:\\\/\\\/www.amotravel.com\\\/it\\\/storia-di-vietnam\\\/\",\"name\":\"Storia di Vietnam - Amo Travel Italiano\",\"isPartOf\":{\"@id\":\"https:\\\/\\\/www.amotravel.com\\\/it\\\/#website\"},\"primaryImageOfPage\":{\"@id\":\"https:\\\/\\\/www.amotravel.com\\\/it\\\/storia-di-vietnam\\\/#primaryimage\"},\"image\":{\"@id\":\"https:\\\/\\\/www.amotravel.com\\\/it\\\/storia-di-vietnam\\\/#primaryimage\"},\"thumbnailUrl\":\"https:\\\/\\\/www.amotravel.com\\\/it\\\/wp-content\\\/uploads\\\/2016\\\/05\\\/Ho-Chi-Minh-Mausoleum-Amo-Vietnam-Travel.jpg\",\"datePublished\":\"2016-06-07T08:49:41+00:00\",\"dateModified\":\"2020-07-25T16:01:58+00:00\",\"breadcrumb\":{\"@id\":\"https:\\\/\\\/www.amotravel.com\\\/it\\\/storia-di-vietnam\\\/#breadcrumb\"},\"inLanguage\":\"vi\",\"potentialAction\":[{\"@type\":\"ReadAction\",\"target\":[\"https:\\\/\\\/www.amotravel.com\\\/it\\\/storia-di-vietnam\\\/\"]}]},{\"@type\":\"ImageObject\",\"inLanguage\":\"vi\",\"@id\":\"https:\\\/\\\/www.amotravel.com\\\/it\\\/storia-di-vietnam\\\/#primaryimage\",\"url\":\"https:\\\/\\\/www.amotravel.com\\\/it\\\/wp-content\\\/uploads\\\/2016\\\/05\\\/Ho-Chi-Minh-Mausoleum-Amo-Vietnam-Travel.jpg\",\"contentUrl\":\"https:\\\/\\\/www.amotravel.com\\\/it\\\/wp-content\\\/uploads\\\/2016\\\/05\\\/Ho-Chi-Minh-Mausoleum-Amo-Vietnam-Travel.jpg\",\"width\":800,\"height\":534,\"caption\":\"Il mausoleo del primo ministro del Vietnam di Ho Chi Minh ad Hanoi\"},{\"@type\":\"BreadcrumbList\",\"@id\":\"https:\\\/\\\/www.amotravel.com\\\/it\\\/storia-di-vietnam\\\/#breadcrumb\",\"itemListElement\":[{\"@type\":\"ListItem\",\"position\":1,\"name\":\"Home\",\"item\":\"https:\\\/\\\/www.amotravel.com\\\/it\\\/\"},{\"@type\":\"ListItem\",\"position\":2,\"name\":\"Storia di Vietnam\"}]},{\"@type\":\"WebSite\",\"@id\":\"https:\\\/\\\/www.amotravel.com\\\/it\\\/#website\",\"url\":\"https:\\\/\\\/www.amotravel.com\\\/it\\\/\",\"name\":\"Amo Travel Italiano\",\"description\":\"\",\"potentialAction\":[{\"@type\":\"SearchAction\",\"target\":{\"@type\":\"EntryPoint\",\"urlTemplate\":\"https:\\\/\\\/www.amotravel.com\\\/it\\\/?s={search_term_string}\"},\"query-input\":{\"@type\":\"PropertyValueSpecification\",\"valueRequired\":true,\"valueName\":\"search_term_string\"}}],\"inLanguage\":\"vi\"}]}<\/script>\n<!-- \/ Yoast SEO plugin. -->","yoast_head_json":{"title":"Storia di Vietnam - Amo Travel Italiano","robots":{"index":"index","follow":"follow","max-snippet":"max-snippet:-1","max-image-preview":"max-image-preview:large","max-video-preview":"max-video-preview:-1"},"canonical":"https:\/\/www.amotravel.com\/it\/storia-di-vietnam\/","og_locale":"vi_VN","og_type":"article","og_title":"Storia di Vietnam - Amo Travel Italiano","og_description":"La storia del Vietnam \u00e8 una storia densa e ricca di eventi, segnata da occupazioni straniere e guerre successive di resistenza. Si \u00e8 sviluppata con successo variabile, il progresso e battute d&#8217;arresto, come quella di tutte le persone. Ma lo scrittore americano Susan Sontag giustamente osservato, al suo ritorno ad Hanoi durante la guerra, che [&hellip;]","og_url":"https:\/\/www.amotravel.com\/it\/storia-di-vietnam\/","og_site_name":"Amo Travel Italiano","article_publisher":"https:\/\/www.facebook.com\/AmoTravelItaliano","article_modified_time":"2020-07-25T16:01:58+00:00","og_image":[{"width":800,"height":534,"url":"https:\/\/www.amotravel.com\/it\/wp-content\/uploads\/2016\/05\/Ho-Chi-Minh-Mausoleum-Amo-Vietnam-Travel.jpg","type":"image\/jpeg"}],"twitter_card":"summary_large_image","twitter_misc":{"\u01af\u1edbc t\u00ednh th\u1eddi gian \u0111\u1ecdc":"4 ph\u00fat"},"schema":{"@context":"https:\/\/schema.org","@graph":[{"@type":"WebPage","@id":"https:\/\/www.amotravel.com\/it\/storia-di-vietnam\/","url":"https:\/\/www.amotravel.com\/it\/storia-di-vietnam\/","name":"Storia di Vietnam - Amo Travel Italiano","isPartOf":{"@id":"https:\/\/www.amotravel.com\/it\/#website"},"primaryImageOfPage":{"@id":"https:\/\/www.amotravel.com\/it\/storia-di-vietnam\/#primaryimage"},"image":{"@id":"https:\/\/www.amotravel.com\/it\/storia-di-vietnam\/#primaryimage"},"thumbnailUrl":"https:\/\/www.amotravel.com\/it\/wp-content\/uploads\/2016\/05\/Ho-Chi-Minh-Mausoleum-Amo-Vietnam-Travel.jpg","datePublished":"2016-06-07T08:49:41+00:00","dateModified":"2020-07-25T16:01:58+00:00","breadcrumb":{"@id":"https:\/\/www.amotravel.com\/it\/storia-di-vietnam\/#breadcrumb"},"inLanguage":"vi","potentialAction":[{"@type":"ReadAction","target":["https:\/\/www.amotravel.com\/it\/storia-di-vietnam\/"]}]},{"@type":"ImageObject","inLanguage":"vi","@id":"https:\/\/www.amotravel.com\/it\/storia-di-vietnam\/#primaryimage","url":"https:\/\/www.amotravel.com\/it\/wp-content\/uploads\/2016\/05\/Ho-Chi-Minh-Mausoleum-Amo-Vietnam-Travel.jpg","contentUrl":"https:\/\/www.amotravel.com\/it\/wp-content\/uploads\/2016\/05\/Ho-Chi-Minh-Mausoleum-Amo-Vietnam-Travel.jpg","width":800,"height":534,"caption":"Il mausoleo del primo ministro del Vietnam di Ho Chi Minh ad Hanoi"},{"@type":"BreadcrumbList","@id":"https:\/\/www.amotravel.com\/it\/storia-di-vietnam\/#breadcrumb","itemListElement":[{"@type":"ListItem","position":1,"name":"Home","item":"https:\/\/www.amotravel.com\/it\/"},{"@type":"ListItem","position":2,"name":"Storia di Vietnam"}]},{"@type":"WebSite","@id":"https:\/\/www.amotravel.com\/it\/#website","url":"https:\/\/www.amotravel.com\/it\/","name":"Amo Travel Italiano","description":"","potentialAction":[{"@type":"SearchAction","target":{"@type":"EntryPoint","urlTemplate":"https:\/\/www.amotravel.com\/it\/?s={search_term_string}"},"query-input":{"@type":"PropertyValueSpecification","valueRequired":true,"valueName":"search_term_string"}}],"inLanguage":"vi"}]}},"_links":{"self":[{"href":"https:\/\/www.amotravel.com\/it\/wp-json\/wp\/v2\/pages\/1570","targetHints":{"allow":["GET"]}}],"collection":[{"href":"https:\/\/www.amotravel.com\/it\/wp-json\/wp\/v2\/pages"}],"about":[{"href":"https:\/\/www.amotravel.com\/it\/wp-json\/wp\/v2\/types\/page"}],"author":[{"embeddable":true,"href":"https:\/\/www.amotravel.com\/it\/wp-json\/wp\/v2\/users\/12"}],"replies":[{"embeddable":true,"href":"https:\/\/www.amotravel.com\/it\/wp-json\/wp\/v2\/comments?post=1570"}],"version-history":[{"count":0,"href":"https:\/\/www.amotravel.com\/it\/wp-json\/wp\/v2\/pages\/1570\/revisions"}],"wp:featuredmedia":[{"embeddable":true,"href":"https:\/\/www.amotravel.com\/it\/wp-json\/wp\/v2\/media\/1017"}],"wp:attachment":[{"href":"https:\/\/www.amotravel.com\/it\/wp-json\/wp\/v2\/media?parent=1570"}],"curies":[{"name":"wp","href":"https:\/\/api.w.org\/{rel}","templated":true}]}}