{"id":1549,"date":"2016-06-06T11:04:02","date_gmt":"2016-06-06T11:04:02","guid":{"rendered":"http:\/\/viaggi.dorola.net\/?page_id=1549"},"modified":"2025-08-12T13:19:52","modified_gmt":"2025-08-12T13:19:52","slug":"termini-e-condizioni","status":"publish","type":"page","link":"https:\/\/www.amotravel.com\/it\/termini-e-condizioni\/","title":{"rendered":"Termini e condizioni"},"content":{"rendered":"<p><b>1.<\/b><b> GENERALE<\/b><\/p>\n<p>Prima di qualsiasi transazione commerciale, il cliente o agenzia di cliente (da ora in poi conosciuta come Cliente\/Agenzia) gli impegni a sottoscrivere, nel suo complesso, al termine e le condizioni di cui alla Condizione Generale di vendite di Amo Travel<\/p>\n<p>Queste condizioni generali di vendita sono parte integrante di tutti i contratti, sia verbale sia scritta, tra queste condizioni generali di vendita sono parte integrante dei contratti, verbali o scritti tra Amo Travel e il Cliente \/ Agenzia.<\/p>\n<p><b>2. SERVIZI<\/b><\/p>\n<p>I servizi forniti da Amo Travel includono la realizzazione di programmi di viaggio, che siano predeterminati e accettate dal cliente, \u00e8 costruito in consultazione con il cliente, tenendo conto delle esigenze specifiche di quest\u2019ultimo.<\/p>\n<p>Amo Travel impegnandosi in tal modo al cliente tutti i servizi specificamente elencati nel programma di viaggio stabilito d\u2019accordo con quest&#8217;ultimo.<\/p>\n<p>Amo Travel \u00e8 disposta a fornire, se necessario, qualche legato alla richiesta specifica del cliente, ad esempio l&#8217;ottenimento di un visto per entrare in Vietnam e attivit\u00e0 di preparazione logistiche non incluse nel programma, soggetto, se applicabile, una tassa.<\/p>\n<p><b>3. VALIDIT\u00c0 DI PREZZO:<\/b><\/p>\n<p>Tutti i prezzi indicati sui prodotti AVN sono in dollari $US o in Euro, come indicato in precedenza<\/p>\n<p>Questi prezzi sono validi per tutto il periodo di tempo indicato nella ricevuta o qualsiasi altro documento consegnato al Cliente \/ Agenzia da AVN.<\/p>\n<p>AVN garantisce la validit\u00e0 dei prezzi, ricevute o documenti forniti al Cliente \/ Agenzia al momento della loro distribuzione, ma i listini possono essere oggetto di un adeguamento in alcuni casi di forza maggiore (importante fluttuazione dei tassi di cambio, nuove vendite governative imposta improvvisamente annunciato, etc.).<\/p>\n<p><b>Validit\u00e0 Publicazione<\/b><\/p>\n<p>Queste informazioni sono valide al momento della pubblicazione, ma sono soggette a modificare senza preavviso. Tuttavia, se ci fosse un cambiamento, saranno pubblicati sul sito immediatamente. Tuttavia, se i Termini e Condizioni cambiano dopo che il deposito viene pagato, si applicano i termini e le condizioni in cui \u00e8 stato versato l&#8217;acconto.<\/p>\n<p><b>4. PRENOTAZIONE E CONFERMA:<\/b><\/p>\n<p>Tutta la prenotazione viene effettuata a capo di AVN o in un&#8217;agenzia di vendita designato da AVN. Subito dopo la conferma della prenotazione, acconto del 30% del totale del tour deve essere effettuato e l&#8217;importo residuo sar\u00e0 regolato all&#8217;arrivo in Vietnam o, al pi\u00f9 tardi, all&#8217;inizio del tour. Nel caso contrario, Amo Travel si riserva il diritto di annullare il viaggio e per mantenere la totalit\u00e0 del deposito gi\u00e0 pagato dal Cliente \/ Agenzia e il rimborso sarebbe fatto dopo meno la tassa amministrativa in conformit\u00e0 con cancellazione modalit\u00e0 avanzate, sar\u00e0 valida per un (01) anno dalla data di ricevimento della caparra. Durante questo periodo (365 giorni) la quantit\u00e0 pu\u00f2 essere applicata ad altri viaggi e servizi. Dopo un (01) anno l&#8217;importo del deposito \u00e8 incamerata.<\/p>\n<p>Per motivi legittimi (alluvioni, interruzione improvvisa dei servizi di compagnie aeree, disordini civili, etc.) o altri casi di forza maggiore. AVN si riserva il diritto di cambiare o modificare l\u2019itinerario del Cliente \/ Agenzia, con o senza preavviso.<\/p>\n<p><b>5. DEPOSIT<\/b><\/p>\n<p>Accetta Amo Travel questi metodi di pagamento:<\/p>\n<p><b> A.\u00a0\u00a0\u00a0\u00a0 <\/b><b>Bank Transfer<\/b><b>\u00a0<\/b><\/p>\n<p>Per prenotare il vostro tour e portare avanti l&#8217;accordo di servizi, si prega di depositare il 30% del totale dei servizi nel seguente conto:<\/p>\n<p>&nbsp;<\/p>\n<table style=\"width: 58.5825%;\" border=\"1\" width=\"491\" cellspacing=\"0\" cellpadding=\"0\">\n<tbody>\n<tr>\n<td style=\"width: 36.4919%;\" width=\"180\">\u00a0Beneficiary name<\/td>\n<td style=\"width: 85.0806%;\" valign=\"top\" width=\"312\">CT CP DU LICH AMO<\/td>\n<\/tr>\n<tr>\n<td style=\"width: 36.4919%;\" valign=\"top\" width=\"180\">\u00a0Beneficiary account ($US)<\/td>\n<td style=\"width: 85.0806%;\" valign=\"top\" width=\"312\">\u00a0USD: 1057664226\u00a0 &#8211;\u00a0 EUR : 1057664296<\/td>\n<\/tr>\n<tr>\n<td style=\"width: 36.4919%;\" valign=\"top\" width=\"180\">\u00a0Beneficiary Bank<\/td>\n<td style=\"width: 85.0806%;\" valign=\"top\" width=\"312\">\u00a0Vietcombank<\/td>\n<\/tr>\n<tr>\n<td style=\"width: 36.4919%;\" valign=\"top\" width=\"180\">\u00a0Bank Name<\/td>\n<td style=\"width: 85.0806%;\" valign=\"top\" width=\"312\">\u00a0Joint Stock Commercial Bank for Foreign Trade of Vietnam<\/td>\n<\/tr>\n<tr>\n<td style=\"width: 36.4919%;\" valign=\"top\" width=\"180\">\u00a0Bank Adress<\/td>\n<td style=\"width: 85.0806%;\" valign=\"top\" width=\"312\">\u00a011 Lang Ha, Hanoi, Vietnam.<\/td>\n<\/tr>\n<tr>\n<td style=\"width: 36.4919%;\" valign=\"top\" width=\"180\">\u00a0Bank SWIFT code<\/td>\n<td style=\"width: 85.0806%;\" valign=\"top\" width=\"312\">\u00a0BFTVVNVX001<\/td>\n<\/tr>\n<tr>\n<td style=\"width: 36.4919%;\" valign=\"top\" width=\"180\">\u00a0Beneficiary address<\/td>\n<td style=\"width: 85.0806%;\" valign=\"top\" width=\"312\">\u00a0No 7, lane 173\/75 Hoang Hoa Tham, Ba Dinh, Hanoi, Vietnam<\/td>\n<\/tr>\n<\/tbody>\n<\/table>\n<p>Dopo la ricezione del deposito, una ricevuta verr\u00e0 inviato via fax o e-mail e conferma della prenotazione.<\/p>\n<p>Nota: Il prezzo confermato da AVN dei servizi forniti non include le commissioni bancarie. Pertanto, i clienti\/Agenzia \u00e8 responsabile di questi servizi.<\/p>\n<p><b>B.\u00a0Credit card payment:<\/b><\/p>\n<p>Amo Travel accetta sia online che offline con carta di credito per la vostra convenienza.<\/p>\n<p>Online pagamento con la carta di credito: il pagamento online con One PAY: Visa, MasterCard, American Express e JCB Card accettate (verr\u00e0 addebitato 3,85% dell&#8217;importo per la tassa di servizio di transazione)<\/p>\n<p>AVN collega in modo sicuro con OnePAY Payment Gateway di accettare Online Card Payment (https:\/\/onepay.vn). Tutte le informazioni della carta viene elaborata attraverso il protocollo SSL con standard di sicurezza della carta internazionale. I dati della carta non saranno conservati presso il nostro sistema (Mercante).<\/p>\n<p><b>C. In contanti<\/b><\/p>\n<p>I pagamenti in contanti sono fatte all&#8217;ufficio Amo Travel o direttamente dagli operatori. A differenza di altre modalit\u00e0, il pagamento in contanti non \u00e8 soggetta ad alcuna commissione.<\/p>\n<p><b>6. PAGAMENTO DEI SALDI DEL TOUR<\/b><\/p>\n<p>Se non diversamente indicato dal Amo Travel, il cliente deve pagare il saldo del viaggio dall&#8217;inizio di quest&#8217;ultimo. Il cliente pu\u00f2 tuttavia, se desiderato, per risolvere prima di iniziare il viaggio.<\/p>\n<p>In caso di interruzione dell&#8217;obbligo di pagamento del saldo entro le condizioni di cui sopra, l&#8217;ordine sar\u00e0 considerato annullato dal cliente e si applicano le disposizioni di cui al comma 7.<\/p>\n<p><b>7.\u00a0MODIFICA<\/b><\/p>\n<p>La flessibilit\u00e0 \u00e8 la forza di AVN. \u00c8 possibile modificare la vostra prenotazione anche dopo che si \u00e8 fatto. Basta rivolgersi al proprio rivenditore o contattarci al sales@amovietnam.com con il vostro numero di prenotazione. Il nostro team di prenotazioni \u00e8 lieta di modificare la prenotazione con le alternative preferibili.<\/p>\n<p><strong>a. Le modifiche da parte del cliente<\/strong><\/p>\n<p>Il cliente pu\u00f2 chiedere una modifica dell&#8217;ordine in qualsiasi momento, previo pagamento di spese Amo Travel viaggio possono essere causate da modifiche. Amo Travel ha l&#8217;obbligo di rispondere a tali richieste con la massima diligenza, fatta salva la disponibilit\u00e0 dei servizi richiesti.<\/p>\n<p>Il rinvio di arrivo \u00e8 considerata una modifica.<\/p>\n<p>Ridurre il numero di partecipanti non \u00e8 considerato un cambiamento. Esso comporter\u00e0 l&#8217;applicazione delle penali di cancellazione per i partecipanti che unsubscribe e tassi di rivalutazione per gli altri partecipanti.<\/p>\n<p><strong>b. Modifiche di Amo Travel<\/strong><\/p>\n<p>Amo Travel si riserva il diritto di modificare i servizi inclusi nel programma finale del viaggio nei seguenti casi:<\/p>\n<p>&#8211; L&#8217;emendamento \u00e8 giustificato a causa di un evento di forza maggiore. In questo caso, il cambiamento pu\u00f2 comportare costi supplementari a carico del cliente o consegnati al carico Amo Travel<\/p>\n<p>&#8211; L&#8217;emendamento \u00e8 necessario per garantire la sicurezza e \/ o la qualit\u00e0 di viaggio client. In questi casi, i costi aggiuntivi che possono essere sostenuti sono a carico del Amo Travel<\/p>\n<p><b>8. CANCELLAZIONE E RIMBORSO<\/b><\/p>\n<p><strong>I. cancellazione da parte del Cliente \/ Agenzia:<\/strong><\/p>\n<p>Nel caso in cui il Cliente \/ Agenzia decide di annullare la prenotazione, non importa il motivo, il Cliente \/ Agenzia si impegna a pagare una penale come segue:<\/p>\n<table style=\"width: 100%;\" border=\"1\" width=\"100%\">\n<tbody>\n<tr>\n<td width=\"51%\">\u00a0&#8211; In qualunque momento dopo il deposito e 60 giorni prima della data d\u2019arrivo.<\/td>\n<td width=\"48%\">\u00a0+ La tassa del 30% del biglietto aereo e del biglietto del treno sar\u00e0 applicata<\/p>\n<p>+ 3.85% la tassa della banca per spedire indietro il deposito.<\/p>\n<p>+ 10$US\/persona per la preparazione del documento del viaggio<\/td>\n<\/tr>\n<tr>\n<td width=\"51%\">\u00a0&#8211;\u00a0Da 59 giorni a 30 giorni prima della data d\u2019arrivo<\/td>\n<td width=\"48%\">\u00a010\u00a0% del costo totale del viaggio<\/td>\n<\/tr>\n<tr>\n<td width=\"51%\">\u00a0&#8211;\u00a0Da 29 giorni a 14 giorni prima della data d\u2019arrivo<\/td>\n<td width=\"48%\">\u00a030% del costo totale del viaggio<\/td>\n<\/tr>\n<tr>\n<td width=\"51%\">\u00a0&#8211;\u00a0Da 14 giorni a 8 giorni prima della data d\u2019arrivo<\/td>\n<td width=\"48%\">\u00a050\u00a0% del costo totale del viaggio<\/td>\n<\/tr>\n<tr>\n<td width=\"51%\">\u00a0&#8211;\u00a0Da 7 giorni a 72 ore prima della \u00a0data d\u2019arrivo<\/td>\n<td width=\"48%\">\u00a070 % del costo totale del viaggio<\/td>\n<\/tr>\n<tr>\n<td width=\"51%\">\u00a0&#8211;\u00a0Meno di 48 ore prima della data d\u2019arrivo<\/td>\n<td width=\"48%\">\u00a0100\u00a0% del costo totale del viaggio<\/td>\n<\/tr>\n<\/tbody>\n<\/table>\n<p>Queste regole si applicano a tutti i servizi riservati Amo Travel per il Cliente \/ Agenzia. Il ritorno del deposito (meno le spese di annullamento applicabili) al Cliente \/ Agenzia sar\u00e0 effettuato tramite bonifico bancario. Il cliente \/ agenzia \u00e8 ancora una volta responsabile delle spese di servizio applicate dalle istituzioni bancarie durante il trasferimento di fondi.<\/p>\n<p><strong>II. Cancellazione da Amo Travel<\/strong><\/p>\n<p>Amo Travel si riserva il diritto di annullare il viaggio, in tutto o in parte, quando gli eventi si verificano in un caso di forza maggiore. E &#8216;imprevedibile, unpreventable ed eventi inevitabili che rendono il viaggio impossibile o pericoloso per il cliente, come una guerra o di minaccia di guerra, sommosse, calamit\u00e0 naturale o nucleare, un blocco del porto, saccheggi, bruciore e attivit\u00e0 terroristiche, il cattivo tempo, epidemia, mettere in quarantena o qualsiasi evento simile.<\/p>\n<p>In tutti i casi di cancellazione, Amo Travel rimborser\u00e0 al cliente \/ agenzia una parte del costo del tour (se applicabile) al netto dei costi aggiuntivi relativi alle variazioni del percorso di visita, di una penale praticati dagli alberghi, compagnie aeree o qualsiasi altro servizio e, infine, le spese bancarie, ma il cliente \/ agenzia non possono avere diritto al risarcimento.<\/p>\n<p><b>9. OBBLIGO DI CLIENTE \/ ASSICURAZIONE<\/b><\/p>\n<p><strong>a. Responsabilit\u00e0 dei clienti:<\/strong><\/p>\n<p>Prima di intraprendere il viaggio, \u00e8 responsabilit\u00e0 del cliente per verificare che soddisfi le esigenze richieste in termini di:<\/p>\n<p>&#8211; Passaporto (validit\u00e0 minima di sei mesi dopo il ritorno, almeno due pagine bianche, bambini, ecc).<br \/>\n&#8211; Fitness, vaccinazioni, trattamenti preventivi &#8230;<br \/>\n&#8211; Visa (Necessario per il Vietnam, Laos e Cambogia).<\/p>\n<p>Amo Travel pu\u00f2, su richiesta, assistere il cliente nel processo di ottenimento del visto.<\/p>\n<p><strong>b. Assicurazione.<\/strong><\/p>\n<p>Amo Travel \u00e8 l&#8217;agenzia di viaggi ricettiva e non prendersi cura di assicurazione personale, assicurazione di viaggio o di assistenza. Si raccomanda vivamente che vi iscrivete per l&#8217;assicurazione nel vostro paese prima di venire in Vietnam. Tuttavia, interpreter\u00e0 il ruolo di intermediario locale tra voi e la vostra compagnia di assicurazione, se la situazione lo richieda. Si prega di comunicare la vostra polizza di assicurazione in caso di necessit\u00e0.<\/p>\n<p>Chiunque partecipa a un viaggio organizzato da Amo Travel deve stipulare un&#8217;assicurazione che copra viaggi internazionali a spese mediche e rimpatrio almeno. Questa assicurazione \u00e8 normalmente proposti dall&#8217;Agenzia agli agenti di biglietto del cliente al momento dell&#8217;acquisto biglietto aereo internazionale. I dettagli dell&#8217;assicuratore e il numero della polizza assicurativa del cliente devono essere comunicate al Amo Travel prima del viaggio inizia.<\/p>\n<p>Nel corso del viaggio, il viaggiatore deve seguire le regole annunciate dalla guida o qualsiasi altro agente Amo Travel. Queste sono le regole per garantire la sicurezza del cliente e la qualit\u00e0 del programma di viaggio.<\/p>\n<p>Amo Travel si impegna a fornire in loco tutta l&#8217;assistenza necessaria e utile al cliente in caso di incidente coperto da assicurazione verificarsi, soprattutto per assistere il cliente nelle formalit\u00e0 amministrative con le autorit\u00e0 locali e l&#8217;assicuratore.<\/p>\n<p><b>10. ESENZIONI E LIMITAZIONI DI RESPONSABILIT\u00c0<\/b><\/p>\n<p>Impegna Amo Travel di fornire al Cliente \/ Agenzia con tutti i servizi di cui al contratto di vendita. Durante la durata del tour, il Cliente \/ Agenzia deve rispettare le regole annunciate dalla guida e dal fornitore del servizio.<\/p>\n<p>Agisce Amo\u00a0 Travel come intermediario tra il Cliente \/ Agenzia e le compagnie aeree interessate, alberghi, operatori dei trasporti e gli uffici turistici locali che forniscono i servizi. \u00c8 Amo Travel, quindi, non \u00e8 responsabile per eventuali perdite, lesioni o danni subiti dal viaggiatore, compresi quelli che si verificano al di fuori del programma di tour. Spese aggiuntive sostenute a causa di ritardi, incidenti, calamit\u00e0 naturali, azioni politiche e disordini devono essere a carico del viaggiatore.<\/p>\n<p>Il cliente \u00e8 responsabile di tutte le sue azioni: qualunque attivit\u00e0 che non rientra nel programma di viaggio o violazioni di legge da paese viaggiato non sono di responsabilit\u00e0 Amo\u00a0 Travel. Eventuali cancellazioni di piani di viaggio a causa di problemi con la legge privano il cliente di qualsiasi diritto al rimborso da Amo Travel.<\/p>\n<p>Amo Travel \u00e8 responsabile nei confronti del cliente come intermediario tra quest&#8217;ultimo ei vari fornitori di servizi (compagnie aeree, hotel, compagnie aeree, ristoranti, barche &#8230;) e in quanto tali devono garantire una certa qualit\u00e0 del servizio, ma Amo\u00a0 Travel non pu\u00f2 essere confuso con i vari fornitori che, in ogni caso, mantengono la propria responsabilit\u00e0.<\/p>\n<p>Amo Travel pu\u00f2 in nessun caso essere ritenuta responsabile di un evento che avrebbe riferito di un caso di forza maggiore responsabilit\u00e0.<\/p>\n<p>Cliente \/ Agenzia sar\u00e0 completamente rimborsato, ma non pu\u00f2 chiedere per qualsiasi forma di risarcimento o indennizzo.<\/p>\n<p><b>11. SERVIZI NON UTILIZZATI<\/b><\/p>\n<p>Nessun rimborso o scambi pu\u00f2 essere fatto per quanto riguarda alloggio, pasti, visite guidate, trasporti e altri servizi, inclusi nel prezzo del tour, ma non utilizzati dai membri del tour.<\/p>\n<p>Tuttavia, se il viaggio viene interrotto durante il tour in base alla salute del cliente, Amo Travel si impegna a fare del suo meglio per ottenere il servizio o rimborsare parzialmente i servizi cancellati.<\/p>\n<p><b>12. <b>RECLAMI E RISOLUZIONE DELLE CONTROVERSIE<\/b><\/b><\/p>\n<p>Qualsiasi reclamo riguardante la realizzazione di uno dei servizi inclusi nel programma deve essere indirizzata per iscritto al Amo Travel entro un periodo massimo di 30 giorni dalla fine del viaggio.<\/p>\n<p>Tuttavia, la maggior parte dei problemi possono essere risolti rapidamente se \u00e8 AmoTravel a conoscenza di qualsiasi controversia tra il client e Amo Travel deve essere impostato su priorit\u00e0 con la trattativa amichevole.<\/p>\n<p>Nel caso in cui decida Amo Travel per effettuare pagamenti compensativi ad un cliente, non potrebbero in ogni caso superare il costo del viaggio aereo carico fuori dal Amo Travel. Questo caso si applica solo se l&#8217;intero corso del viaggio \u00e8 andato storto e il cliente ha ritirato alcuna soddisfazione.<\/p>\n<p>In tutti gli altri casi, Amo Travel si riserva il diritto di offrire o meno un risarcimento a sua discrezione.<\/p>\n<p>Se non si trova una soluzione in via amichevole, la corte dello stato del luogo di esecuzione del contratto sar\u00e0 considerata soltanto la competenza per risolvere la controversia.<\/p>\n<p>In caso di controversia, entrambe le parti devono cercare un soddisfacente. In caso di controversie e \/ o si lamenta, il &#8220;Centro Internazionale di Arbitrato del Vietnam&#8221; un ramo della &#8220;Camera di Commercio e Industria del Vietnam&#8221; sar\u00e0 unica autorit\u00e0 competente.<\/p>\n","protected":false},"excerpt":{"rendered":"<p>1. GENERALE Prima di qualsiasi transazione commerciale, il cliente o agenzia di cliente (da ora in poi conosciuta come Cliente\/Agenzia) gli impegni a sottoscrivere, nel suo complesso, al termine e le condizioni di cui alla Condizione Generale di vendite di Amo Travel Queste condizioni generali di vendita sono parte integrante di tutti i contratti, sia [&hellip;]<\/p>\n","protected":false},"author":12,"featured_media":0,"parent":0,"menu_order":26,"comment_status":"closed","ping_status":"closed","template":"","meta":{"footnotes":""},"class_list":["post-1549","page","type-page","status-publish","hentry"],"acf":[],"yoast_head":"<!-- This site is optimized with the Yoast SEO plugin v27.5 - https:\/\/yoast.com\/product\/yoast-seo-wordpress\/ -->\n<title>Termini e condizioni - Amo Travel Italiano<\/title>\n<meta name=\"robots\" content=\"index, follow, max-snippet:-1, max-image-preview:large, max-video-preview:-1\" \/>\n<link rel=\"canonical\" href=\"https:\/\/www.amotravel.com\/it\/termini-e-condizioni\/\" \/>\n<meta property=\"og:locale\" content=\"vi_VN\" \/>\n<meta property=\"og:type\" content=\"article\" \/>\n<meta property=\"og:title\" content=\"Termini e condizioni - Amo Travel Italiano\" \/>\n<meta property=\"og:description\" content=\"N\u1ed9i Dung\" \/>\n<meta property=\"og:url\" content=\"https:\/\/www.amotravel.com\/it\/termini-e-condizioni\/\" \/>\n<meta property=\"og:site_name\" content=\"Amo Travel Italiano\" \/>\n<meta property=\"article:publisher\" content=\"https:\/\/www.facebook.com\/AmoTravelItaliano\" \/>\n<meta property=\"article:modified_time\" content=\"2025-08-12T13:19:52+00:00\" \/>\n<meta name=\"twitter:card\" content=\"summary_large_image\" \/>\n<meta name=\"twitter:description\" content=\"N\u1ed9i Dung\" \/>\n<meta name=\"twitter:label1\" content=\"\u01af\u1edbc t\u00ednh th\u1eddi gian \u0111\u1ecdc\" \/>\n\t<meta name=\"twitter:data1\" content=\"13 ph\u00fat\" \/>\n<script type=\"application\/ld+json\" class=\"yoast-schema-graph\">{\"@context\":\"https:\\\/\\\/schema.org\",\"@graph\":[{\"@type\":\"WebPage\",\"@id\":\"https:\\\/\\\/www.amotravel.com\\\/it\\\/termini-e-condizioni\\\/\",\"url\":\"https:\\\/\\\/www.amotravel.com\\\/it\\\/termini-e-condizioni\\\/\",\"name\":\"Termini e condizioni - Amo Travel Italiano\",\"isPartOf\":{\"@id\":\"https:\\\/\\\/www.amotravel.com\\\/it\\\/#website\"},\"datePublished\":\"2016-06-06T11:04:02+00:00\",\"dateModified\":\"2025-08-12T13:19:52+00:00\",\"breadcrumb\":{\"@id\":\"https:\\\/\\\/www.amotravel.com\\\/it\\\/termini-e-condizioni\\\/#breadcrumb\"},\"inLanguage\":\"vi\",\"potentialAction\":[{\"@type\":\"ReadAction\",\"target\":[\"https:\\\/\\\/www.amotravel.com\\\/it\\\/termini-e-condizioni\\\/\"]}]},{\"@type\":\"BreadcrumbList\",\"@id\":\"https:\\\/\\\/www.amotravel.com\\\/it\\\/termini-e-condizioni\\\/#breadcrumb\",\"itemListElement\":[{\"@type\":\"ListItem\",\"position\":1,\"name\":\"Home\",\"item\":\"https:\\\/\\\/www.amotravel.com\\\/it\\\/\"},{\"@type\":\"ListItem\",\"position\":2,\"name\":\"Termini e condizioni\"}]},{\"@type\":\"WebSite\",\"@id\":\"https:\\\/\\\/www.amotravel.com\\\/it\\\/#website\",\"url\":\"https:\\\/\\\/www.amotravel.com\\\/it\\\/\",\"name\":\"Amo Travel Italiano\",\"description\":\"\",\"potentialAction\":[{\"@type\":\"SearchAction\",\"target\":{\"@type\":\"EntryPoint\",\"urlTemplate\":\"https:\\\/\\\/www.amotravel.com\\\/it\\\/?s={search_term_string}\"},\"query-input\":{\"@type\":\"PropertyValueSpecification\",\"valueRequired\":true,\"valueName\":\"search_term_string\"}}],\"inLanguage\":\"vi\"}]}<\/script>\n<!-- \/ Yoast SEO plugin. -->","yoast_head_json":{"title":"Termini e condizioni - Amo Travel Italiano","robots":{"index":"index","follow":"follow","max-snippet":"max-snippet:-1","max-image-preview":"max-image-preview:large","max-video-preview":"max-video-preview:-1"},"canonical":"https:\/\/www.amotravel.com\/it\/termini-e-condizioni\/","og_locale":"vi_VN","og_type":"article","og_title":"Termini e condizioni - Amo Travel Italiano","og_description":"N\u1ed9i Dung","og_url":"https:\/\/www.amotravel.com\/it\/termini-e-condizioni\/","og_site_name":"Amo Travel Italiano","article_publisher":"https:\/\/www.facebook.com\/AmoTravelItaliano","article_modified_time":"2025-08-12T13:19:52+00:00","twitter_card":"summary_large_image","twitter_description":"N\u1ed9i Dung","twitter_misc":{"\u01af\u1edbc t\u00ednh th\u1eddi gian \u0111\u1ecdc":"13 ph\u00fat"},"schema":{"@context":"https:\/\/schema.org","@graph":[{"@type":"WebPage","@id":"https:\/\/www.amotravel.com\/it\/termini-e-condizioni\/","url":"https:\/\/www.amotravel.com\/it\/termini-e-condizioni\/","name":"Termini e condizioni - Amo Travel Italiano","isPartOf":{"@id":"https:\/\/www.amotravel.com\/it\/#website"},"datePublished":"2016-06-06T11:04:02+00:00","dateModified":"2025-08-12T13:19:52+00:00","breadcrumb":{"@id":"https:\/\/www.amotravel.com\/it\/termini-e-condizioni\/#breadcrumb"},"inLanguage":"vi","potentialAction":[{"@type":"ReadAction","target":["https:\/\/www.amotravel.com\/it\/termini-e-condizioni\/"]}]},{"@type":"BreadcrumbList","@id":"https:\/\/www.amotravel.com\/it\/termini-e-condizioni\/#breadcrumb","itemListElement":[{"@type":"ListItem","position":1,"name":"Home","item":"https:\/\/www.amotravel.com\/it\/"},{"@type":"ListItem","position":2,"name":"Termini e condizioni"}]},{"@type":"WebSite","@id":"https:\/\/www.amotravel.com\/it\/#website","url":"https:\/\/www.amotravel.com\/it\/","name":"Amo Travel Italiano","description":"","potentialAction":[{"@type":"SearchAction","target":{"@type":"EntryPoint","urlTemplate":"https:\/\/www.amotravel.com\/it\/?s={search_term_string}"},"query-input":{"@type":"PropertyValueSpecification","valueRequired":true,"valueName":"search_term_string"}}],"inLanguage":"vi"}]}},"_links":{"self":[{"href":"https:\/\/www.amotravel.com\/it\/wp-json\/wp\/v2\/pages\/1549","targetHints":{"allow":["GET"]}}],"collection":[{"href":"https:\/\/www.amotravel.com\/it\/wp-json\/wp\/v2\/pages"}],"about":[{"href":"https:\/\/www.amotravel.com\/it\/wp-json\/wp\/v2\/types\/page"}],"author":[{"embeddable":true,"href":"https:\/\/www.amotravel.com\/it\/wp-json\/wp\/v2\/users\/12"}],"replies":[{"embeddable":true,"href":"https:\/\/www.amotravel.com\/it\/wp-json\/wp\/v2\/comments?post=1549"}],"version-history":[{"count":2,"href":"https:\/\/www.amotravel.com\/it\/wp-json\/wp\/v2\/pages\/1549\/revisions"}],"predecessor-version":[{"id":22054,"href":"https:\/\/www.amotravel.com\/it\/wp-json\/wp\/v2\/pages\/1549\/revisions\/22054"}],"wp:attachment":[{"href":"https:\/\/www.amotravel.com\/it\/wp-json\/wp\/v2\/media?parent=1549"}],"curies":[{"name":"wp","href":"https:\/\/api.w.org\/{rel}","templated":true}]}}