{"id":1521,"date":"2016-06-06T10:50:53","date_gmt":"2016-06-06T10:50:53","guid":{"rendered":"http:\/\/viaggi.dorola.net\/?page_id=1521"},"modified":"2024-06-03T02:53:51","modified_gmt":"2024-06-03T02:53:51","slug":"volete-lavorare-con-noi","status":"publish","type":"page","link":"https:\/\/www.amotravel.com\/it\/volete-lavorare-con-noi\/","title":{"rendered":"Lavorare con Amo Travel"},"content":{"rendered":"<p><strong>Amo Travel<\/strong> cerca le persone di talento come te a far parte del nostro emozionante, e forte crescita team, offrendo gli stipendi competitivi, i benefici eccezionali, e le opportunit\u00e0 di viaggio. Amo Travel offre un ambiente di lavoro eccellente per aiutarvi a sviluppare le vostre abilit\u00e0 personali e professionali.<\/p>\n<p>La conoscenza, la dedizione e la fedelt\u00e0 dei nostri dipendenti sono vitali per il nostro continuo successo come unico autentico viaggio boutique dell\u2019 Indocina. La nostra rapida espansione crea costantemente le nuove opportunit\u00e0, nonch\u00e9 la necessit\u00e0 di personale aggiuntivo in posizione esistente.<\/p>\n<p>Se volete condividere l&#8217;entusiasmo e la passione per &#8221; L&#8217;arte di esplorare &#8221; con noi, inviate\u00a0 un&#8217;e-mail il vostro CV con una lettera di presentazione, indicando brevemente la vostra esperienza e perch\u00e9 si ritenete di essere adatti per la posizione di: <a href=\"mailto:sales@amotravel.com\">sales@amotravel.com<\/a><\/p>\n<p>In alternativa \u00e8 possibile inviare il vostro curriculum vitae e lettera a:\u00a0<br \/>\nMs.Thuy: Responsabile delle Risorse Umane<br \/>\nEmail: <a href=\"mailto:thuy@amotravel.com\">thuy@amotravel.com<\/a><br \/>\nTel: +84 983 111 104<\/p>\n<p><strong>Amo Travel:<br \/>\n<\/strong>Indirizzo: 12, 173\/75 Hoang Hoa Tham , Ba Dinh, Hanoi, Vietnam<\/p>\n","protected":false},"excerpt":{"rendered":"<p>Amo Travel cerca le persone di talento come te a far parte del nostro emozionante, e forte crescita team, offrendo gli stipendi competitivi, i benefici eccezionali, e le opportunit\u00e0 di viaggio. Amo Travel offre un ambiente di lavoro eccellente per aiutarvi a sviluppare le vostre abilit\u00e0 personali e professionali. La conoscenza, la dedizione e la [&hellip;]<\/p>\n","protected":false},"author":12,"featured_media":0,"parent":0,"menu_order":32,"comment_status":"closed","ping_status":"closed","template":"","meta":{"footnotes":""},"class_list":["post-1521","page","type-page","status-publish","hentry"],"acf":[],"yoast_head":"<!-- This site is optimized with the Yoast SEO plugin v27.5 - https:\/\/yoast.com\/product\/yoast-seo-wordpress\/ -->\n<title>Lavorare con Amo Travel - Amo Travel Italiano<\/title>\n<meta name=\"robots\" content=\"index, follow, max-snippet:-1, max-image-preview:large, max-video-preview:-1\" \/>\n<link rel=\"canonical\" href=\"https:\/\/www.amotravel.com\/it\/volete-lavorare-con-noi\/\" \/>\n<meta property=\"og:locale\" content=\"vi_VN\" \/>\n<meta property=\"og:type\" content=\"article\" \/>\n<meta property=\"og:title\" content=\"Lavorare con Amo Travel - Amo Travel Italiano\" \/>\n<meta property=\"og:description\" content=\"Amo Travel cerca le persone di talento come te a far parte del nostro emozionante, e forte crescita team, offrendo gli stipendi competitivi, i benefici eccezionali, e le opportunit\u00e0 di viaggio. Amo Travel offre un ambiente di lavoro eccellente per aiutarvi a sviluppare le vostre abilit\u00e0 personali e professionali. La conoscenza, la dedizione e la [&hellip;]\" \/>\n<meta property=\"og:url\" content=\"https:\/\/www.amotravel.com\/it\/volete-lavorare-con-noi\/\" \/>\n<meta property=\"og:site_name\" content=\"Amo Travel Italiano\" \/>\n<meta property=\"article:publisher\" content=\"https:\/\/www.facebook.com\/AmoTravelItaliano\" \/>\n<meta property=\"article:modified_time\" content=\"2024-06-03T02:53:51+00:00\" \/>\n<meta name=\"twitter:card\" content=\"summary_large_image\" \/>\n<meta name=\"twitter:label1\" content=\"\u01af\u1edbc t\u00ednh th\u1eddi gian \u0111\u1ecdc\" \/>\n\t<meta name=\"twitter:data1\" content=\"1 ph\u00fat\" \/>\n<script type=\"application\/ld+json\" class=\"yoast-schema-graph\">{\"@context\":\"https:\\\/\\\/schema.org\",\"@graph\":[{\"@type\":\"WebPage\",\"@id\":\"https:\\\/\\\/www.amotravel.com\\\/it\\\/volete-lavorare-con-noi\\\/\",\"url\":\"https:\\\/\\\/www.amotravel.com\\\/it\\\/volete-lavorare-con-noi\\\/\",\"name\":\"Lavorare con Amo Travel - Amo Travel Italiano\",\"isPartOf\":{\"@id\":\"https:\\\/\\\/www.amotravel.com\\\/it\\\/#website\"},\"datePublished\":\"2016-06-06T10:50:53+00:00\",\"dateModified\":\"2024-06-03T02:53:51+00:00\",\"breadcrumb\":{\"@id\":\"https:\\\/\\\/www.amotravel.com\\\/it\\\/volete-lavorare-con-noi\\\/#breadcrumb\"},\"inLanguage\":\"vi\",\"potentialAction\":[{\"@type\":\"ReadAction\",\"target\":[\"https:\\\/\\\/www.amotravel.com\\\/it\\\/volete-lavorare-con-noi\\\/\"]}]},{\"@type\":\"BreadcrumbList\",\"@id\":\"https:\\\/\\\/www.amotravel.com\\\/it\\\/volete-lavorare-con-noi\\\/#breadcrumb\",\"itemListElement\":[{\"@type\":\"ListItem\",\"position\":1,\"name\":\"Home\",\"item\":\"https:\\\/\\\/www.amotravel.com\\\/it\\\/\"},{\"@type\":\"ListItem\",\"position\":2,\"name\":\"Lavorare con Amo Travel\"}]},{\"@type\":\"WebSite\",\"@id\":\"https:\\\/\\\/www.amotravel.com\\\/it\\\/#website\",\"url\":\"https:\\\/\\\/www.amotravel.com\\\/it\\\/\",\"name\":\"Amo Travel Italiano\",\"description\":\"\",\"potentialAction\":[{\"@type\":\"SearchAction\",\"target\":{\"@type\":\"EntryPoint\",\"urlTemplate\":\"https:\\\/\\\/www.amotravel.com\\\/it\\\/?s={search_term_string}\"},\"query-input\":{\"@type\":\"PropertyValueSpecification\",\"valueRequired\":true,\"valueName\":\"search_term_string\"}}],\"inLanguage\":\"vi\"}]}<\/script>\n<!-- \/ Yoast SEO plugin. -->","yoast_head_json":{"title":"Lavorare con Amo Travel - Amo Travel Italiano","robots":{"index":"index","follow":"follow","max-snippet":"max-snippet:-1","max-image-preview":"max-image-preview:large","max-video-preview":"max-video-preview:-1"},"canonical":"https:\/\/www.amotravel.com\/it\/volete-lavorare-con-noi\/","og_locale":"vi_VN","og_type":"article","og_title":"Lavorare con Amo Travel - Amo Travel Italiano","og_description":"Amo Travel cerca le persone di talento come te a far parte del nostro emozionante, e forte crescita team, offrendo gli stipendi competitivi, i benefici eccezionali, e le opportunit\u00e0 di viaggio. Amo Travel offre un ambiente di lavoro eccellente per aiutarvi a sviluppare le vostre abilit\u00e0 personali e professionali. La conoscenza, la dedizione e la [&hellip;]","og_url":"https:\/\/www.amotravel.com\/it\/volete-lavorare-con-noi\/","og_site_name":"Amo Travel Italiano","article_publisher":"https:\/\/www.facebook.com\/AmoTravelItaliano","article_modified_time":"2024-06-03T02:53:51+00:00","twitter_card":"summary_large_image","twitter_misc":{"\u01af\u1edbc t\u00ednh th\u1eddi gian \u0111\u1ecdc":"1 ph\u00fat"},"schema":{"@context":"https:\/\/schema.org","@graph":[{"@type":"WebPage","@id":"https:\/\/www.amotravel.com\/it\/volete-lavorare-con-noi\/","url":"https:\/\/www.amotravel.com\/it\/volete-lavorare-con-noi\/","name":"Lavorare con Amo Travel - Amo Travel Italiano","isPartOf":{"@id":"https:\/\/www.amotravel.com\/it\/#website"},"datePublished":"2016-06-06T10:50:53+00:00","dateModified":"2024-06-03T02:53:51+00:00","breadcrumb":{"@id":"https:\/\/www.amotravel.com\/it\/volete-lavorare-con-noi\/#breadcrumb"},"inLanguage":"vi","potentialAction":[{"@type":"ReadAction","target":["https:\/\/www.amotravel.com\/it\/volete-lavorare-con-noi\/"]}]},{"@type":"BreadcrumbList","@id":"https:\/\/www.amotravel.com\/it\/volete-lavorare-con-noi\/#breadcrumb","itemListElement":[{"@type":"ListItem","position":1,"name":"Home","item":"https:\/\/www.amotravel.com\/it\/"},{"@type":"ListItem","position":2,"name":"Lavorare con Amo Travel"}]},{"@type":"WebSite","@id":"https:\/\/www.amotravel.com\/it\/#website","url":"https:\/\/www.amotravel.com\/it\/","name":"Amo Travel Italiano","description":"","potentialAction":[{"@type":"SearchAction","target":{"@type":"EntryPoint","urlTemplate":"https:\/\/www.amotravel.com\/it\/?s={search_term_string}"},"query-input":{"@type":"PropertyValueSpecification","valueRequired":true,"valueName":"search_term_string"}}],"inLanguage":"vi"}]}},"_links":{"self":[{"href":"https:\/\/www.amotravel.com\/it\/wp-json\/wp\/v2\/pages\/1521","targetHints":{"allow":["GET"]}}],"collection":[{"href":"https:\/\/www.amotravel.com\/it\/wp-json\/wp\/v2\/pages"}],"about":[{"href":"https:\/\/www.amotravel.com\/it\/wp-json\/wp\/v2\/types\/page"}],"author":[{"embeddable":true,"href":"https:\/\/www.amotravel.com\/it\/wp-json\/wp\/v2\/users\/12"}],"replies":[{"embeddable":true,"href":"https:\/\/www.amotravel.com\/it\/wp-json\/wp\/v2\/comments?post=1521"}],"version-history":[{"count":3,"href":"https:\/\/www.amotravel.com\/it\/wp-json\/wp\/v2\/pages\/1521\/revisions"}],"predecessor-version":[{"id":18755,"href":"https:\/\/www.amotravel.com\/it\/wp-json\/wp\/v2\/pages\/1521\/revisions\/18755"}],"wp:attachment":[{"href":"https:\/\/www.amotravel.com\/it\/wp-json\/wp\/v2\/media?parent=1521"}],"curies":[{"name":"wp","href":"https:\/\/api.w.org\/{rel}","templated":true}]}}