{"id":928,"date":"2016-05-08T16:57:32","date_gmt":"2016-05-08T16:57:32","guid":{"rendered":"http:\/\/localhost:8888\/viaggi\/?page_id=928"},"modified":"2024-02-22T02:33:00","modified_gmt":"2024-02-22T02:33:00","slug":"contactez-nous","status":"publish","type":"page","link":"https:\/\/www.amotravel.com\/fr\/contactez-nous\/","title":{"rendered":"Contactez &#8211; nous"},"content":{"rendered":"\t\t<div data-elementor-type=\"wp-post\" data-elementor-id=\"928\" class=\"elementor elementor-928 elementor-bc-flex-widget\">\n\t\t\t\t\t\t<section class=\"elementor-section elementor-top-section elementor-element elementor-element-255a729d elementor-section-boxed elementor-section-height-default elementor-section-height-default\" data-id=\"255a729d\" data-element_type=\"section\">\n\t\t\t\t\t\t<div class=\"elementor-container elementor-column-gap-no\">\n\t\t\t\t\t<div class=\"elementor-column elementor-col-100 elementor-top-column elementor-element elementor-element-6da60794\" data-id=\"6da60794\" data-element_type=\"column\">\n\t\t\t<div class=\"elementor-widget-wrap elementor-element-populated\">\n\t\t\t\t\t\t<div class=\"elementor-element elementor-element-36248f7a elementor-widget elementor-widget-text-editor\" data-id=\"36248f7a\" data-element_type=\"widget\" data-widget_type=\"text-editor.default\">\n\t\t\t\t<div class=\"elementor-widget-container\">\n\t\t\t\t\t\t\t\t\t<p>Vous avez une question particuli\u00e8re ? Des projets de voyage \u00e0 nous partager ? <br \/>Ou bien seulement une remarque \u00e0 nous faire parvenir? <br \/>Veuillez nous envoyer un message directement \u00e0 cette adresse : <span style=\"color: #993300;\">sales@amotravel.com<\/span>. <br \/>Ou remplissez le formulaire ci \u2013 dessous pour nous contacter.<\/p>\t\t\t\t\t\t\t\t<\/div>\n\t\t\t\t<\/div>\n\t\t\t\t<section class=\"elementor-section elementor-inner-section elementor-element elementor-element-21a5df8b col-md-9 m-auto elementor-section-boxed elementor-section-height-default elementor-section-height-default\" data-id=\"21a5df8b\" data-element_type=\"section\">\n\t\t\t\t\t\t<div class=\"elementor-container elementor-column-gap-default\">\n\t\t\t\t\t<div class=\"elementor-column elementor-col-100 elementor-inner-column elementor-element elementor-element-81352e1\" data-id=\"81352e1\" data-element_type=\"column\">\n\t\t\t<div class=\"elementor-widget-wrap elementor-element-populated\">\n\t\t\t\t\t\t<div class=\"elementor-element elementor-element-190b9362 elementor-widget-divider--view-line elementor-widget elementor-widget-divider\" data-id=\"190b9362\" data-element_type=\"widget\" data-widget_type=\"divider.default\">\n\t\t\t\t<div class=\"elementor-widget-container\">\n\t\t\t\t\t\t\t<div class=\"elementor-divider\">\n\t\t\t<span class=\"elementor-divider-separator\">\n\t\t\t\t\t\t<\/span>\n\t\t<\/div>\n\t\t\t\t\t\t<\/div>\n\t\t\t\t<\/div>\n\t\t\t\t<div class=\"elementor-element elementor-element-18a08a57 elementor-widget elementor-widget-heading\" data-id=\"18a08a57\" data-element_type=\"widget\" data-widget_type=\"heading.default\">\n\t\t\t\t<div class=\"elementor-widget-container\">\n\t\t\t\t\t<h2 class=\"elementor-heading-title elementor-size-default\">Vos Coordonn\u00e9es   <\/h2>\t\t\t\t<\/div>\n\t\t\t\t<\/div>\n\t\t\t\t<div class=\"elementor-element elementor-element-67e89600 elementor-widget elementor-widget-shortcode\" data-id=\"67e89600\" data-element_type=\"widget\" data-widget_type=\"shortcode.default\">\n\t\t\t\t<div class=\"elementor-widget-container\">\n\t\t\t\t\t\t\t<div class=\"elementor-shortcode\">\n<div class=\"wpcf7 no-js\" id=\"wpcf7-f574-o1\" lang=\"en-US\" dir=\"ltr\" data-wpcf7-id=\"574\">\n<div class=\"screen-reader-response\"><p role=\"status\" aria-live=\"polite\" aria-atomic=\"true\"><\/p> <ul><\/ul><\/div>\n<form action=\"\/fr\/wp-json\/wp\/v2\/pages\/928#wpcf7-f574-o1\" method=\"post\" class=\"wpcf7-form init\" aria-label=\"Contact form\" novalidate=\"novalidate\" data-status=\"init\">\n<fieldset class=\"hidden-fields-container\"><input type=\"hidden\" name=\"_wpcf7\" value=\"574\" \/><input type=\"hidden\" name=\"_wpcf7_version\" value=\"6.1\" \/><input type=\"hidden\" name=\"_wpcf7_locale\" value=\"en_US\" \/><input type=\"hidden\" name=\"_wpcf7_unit_tag\" value=\"wpcf7-f574-o1\" \/><input type=\"hidden\" name=\"_wpcf7_container_post\" value=\"0\" \/><input type=\"hidden\" name=\"_wpcf7_posted_data_hash\" value=\"\" \/><input type=\"hidden\" name=\"_wpcf7_recaptcha_response\" value=\"\" \/>\n<\/fieldset>\n<div class=\"contact-form\">\n\t<div class=\"row\">\n\t\t<div class=\"col-md-4 form-group\"><span class=\"wpcf7-form-control-wrap\" data-name=\"your-title\"><select class=\"wpcf7-form-control wpcf7-select wpcf7-validates-as-required form-control\" aria-required=\"true\" aria-invalid=\"false\" name=\"your-title\"><option value=\"M.\">M.<\/option><option value=\"Mme\">Mme<\/option><option value=\"Mlle\">Mlle<\/option><\/select><\/span><\/div>\n\t\t<div class=\"col-md-4 form-group\"><span class=\"wpcf7-form-control-wrap\" data-name=\"your-name\"><input size=\"40\" maxlength=\"400\" class=\"wpcf7-form-control wpcf7-text wpcf7-validates-as-required form-control\" id=\"your-name\" aria-required=\"true\" aria-invalid=\"false\" placeholder=\"Pr\u00e9nom *\" value=\"\" type=\"text\" name=\"your-name\" \/><\/span><\/div>\n\t\t<div class=\"col-md-4 form-group\"><span class=\"wpcf7-form-control-wrap\" data-name=\"your-family-name\"><input size=\"40\" maxlength=\"400\" class=\"wpcf7-form-control wpcf7-text wpcf7-validates-as-required form-control\" id=\"your-family-name\" aria-required=\"true\" aria-invalid=\"false\" placeholder=\"Nom *\" value=\"\" type=\"text\" name=\"your-family-name\" \/><\/span><\/div>\n\t<\/div>\n\t<div class=\"row\">\n\t\t<div class=\"col-md-6 form-group\"><span class=\"wpcf7-form-control-wrap\" data-name=\"your-email\"><input size=\"40\" maxlength=\"400\" class=\"wpcf7-form-control wpcf7-email wpcf7-validates-as-required wpcf7-text wpcf7-validates-as-email form-control\" id=\"email\" aria-required=\"true\" aria-invalid=\"false\" placeholder=\"Email *\" value=\"\" type=\"email\" name=\"your-email\" \/><\/span><\/div>\n\t\t<div class=\"col-md-6 form-group\"><span class=\"wpcf7-form-control-wrap\" data-name=\"your-phone\"><input size=\"40\" maxlength=\"400\" class=\"wpcf7-form-control wpcf7-text wpcf7-validates-as-required form-control\" id=\"your-phone\" aria-required=\"true\" aria-invalid=\"false\" placeholder=\"T\u00e9l\u00e9phone *\" value=\"\" type=\"text\" name=\"your-phone\" \/><\/span><\/div>\n\t<\/div>\n\t<div class=\"row\">\n\t\t<div class=\"col-md-6 form-group\"><span class=\"wpcf7-form-control-wrap\" data-name=\"your-country\"><input size=\"40\" maxlength=\"400\" class=\"wpcf7-form-control wpcf7-text wpcf7-validates-as-required form-control\" id=\"your-nationality\" aria-required=\"true\" aria-invalid=\"false\" placeholder=\"Nationalit\u00e9 *\" value=\"\" type=\"text\" name=\"your-country\" \/><\/span><\/div>\n\t\t<div class=\"col-md-6 form-group\"><span class=\"wpcf7-form-control-wrap\" data-name=\"your-country\"><input size=\"40\" maxlength=\"400\" class=\"wpcf7-form-control wpcf7-text wpcf7-validates-as-required form-control\" id=\"your-country\" aria-required=\"true\" aria-invalid=\"false\" placeholder=\"Adresse de r\u00e9sidence *\" value=\"\" type=\"text\" name=\"your-country\" \/><\/span><\/div>\n\t<\/div>\n\t<div class=\"row\">\n\t\t<div class=\"col-md-6 form-group\"><span class=\"wpcf7-form-control-wrap\" data-name=\"your-arrival\"><input class=\"wpcf7-form-control wpcf7-date wpcf7-validates-as-required wpcf7-validates-as-date form-control\" id=\"your-arrival\" aria-required=\"true\" aria-invalid=\"false\" placeholder=\"Date d&#039;arriv\u00e9e *\" value=\"\" type=\"date\" name=\"your-arrival\" \/><\/span><\/div>\n\t\t<div class=\"col-md-6 form-group\"><span class=\"wpcf7-form-control-wrap\" data-name=\"your-departure\"><input class=\"wpcf7-form-control wpcf7-date wpcf7-validates-as-required wpcf7-validates-as-date form-control\" id=\"your-departure\" aria-required=\"true\" aria-invalid=\"false\" placeholder=\"Date de d\u00e9part *\" value=\"\" type=\"date\" name=\"your-departure\" \/><\/span><\/div>\n\t<\/div>\n\t<div class=\"form-group\">\n\t\t<span class=\"wpcf7-form-control-wrap\" data-name=\"your-message\"><textarea cols=\"40\" rows=\"10\" maxlength=\"2000\" class=\"wpcf7-form-control wpcf7-textarea wpcf7-validates-as-required form-control\" id=\"your-message\" aria-required=\"true\" aria-invalid=\"false\" placeholder=\"Message *\" name=\"your-message\"><\/textarea><\/span>\n\t<\/div>\n\t<div class=\"action text-right\"><input class=\"wpcf7-form-control wpcf7-submit has-spinner btn btn-primary\" type=\"submit\" value=\"ENVOYER\" \/><\/div>\n<\/div><div class=\"wpcf7-response-output\" aria-hidden=\"true\"><\/div>\n<\/form>\n<\/div>\n<\/div>\n\t\t\t\t\t\t<\/div>\n\t\t\t\t<\/div>\n\t\t\t\t\t<\/div>\n\t\t<\/div>\n\t\t\t\t\t<\/div>\n\t\t<\/section>\n\t\t\t\t\t<\/div>\n\t\t<\/div>\n\t\t\t\t\t<\/div>\n\t\t<\/section>\n\t\t\t\t<section class=\"elementor-section elementor-top-section elementor-element elementor-element-72025107 elementor-section-full_width elementor-section-height-default elementor-section-height-default\" data-id=\"72025107\" data-element_type=\"section\" data-settings=\"{&quot;background_background&quot;:&quot;classic&quot;}\">\n\t\t\t\t\t\t<div class=\"elementor-container elementor-column-gap-no\">\n\t\t\t\t\t<div class=\"elementor-column elementor-col-100 elementor-top-column elementor-element elementor-element-7a0ba56f\" data-id=\"7a0ba56f\" data-element_type=\"column\">\n\t\t\t<div class=\"elementor-widget-wrap elementor-element-populated\">\n\t\t\t\t\t\t<div class=\"elementor-element elementor-element-2c059617 elementor-widget elementor-widget-google_maps\" data-id=\"2c059617\" data-element_type=\"widget\" data-widget_type=\"google_maps.default\">\n\t\t\t\t<div class=\"elementor-widget-container\">\n\t\t\t\t\t\t\t<div class=\"elementor-custom-embed\">\n\t\t\t<iframe loading=\"lazy\"\n\t\t\t\t\tsrc=\"https:\/\/maps.google.com\/maps?q=%237%2C%20lane%20173%2F%2C%2075%20Ho%C3%A0ng%20Hoa%20Th%C3%A1m%2C%20Ng%E1%BB%8Dc%20H%E1%BB%93%2C%20Ba%20%C4%90%C3%ACnh%2C%20H%C3%A0%20N%E1%BB%99i%20100000&#038;t=m&#038;z=15&#038;output=embed&#038;iwloc=near\"\n\t\t\t\t\ttitle=\"#7, lane 173\/, 75 Ho\u00e0ng Hoa Th\u00e1m, Ng\u1ecdc H\u1ed3, Ba \u0110\u00ecnh, H\u00e0 N\u1ed9i 100000\"\n\t\t\t\t\taria-label=\"#7, lane 173\/, 75 Ho\u00e0ng Hoa Th\u00e1m, Ng\u1ecdc H\u1ed3, Ba \u0110\u00ecnh, H\u00e0 N\u1ed9i 100000\"\n\t\t\t><\/iframe>\n\t\t<\/div>\n\t\t\t\t\t\t<\/div>\n\t\t\t\t<\/div>\n\t\t\t\t\t<\/div>\n\t\t<\/div>\n\t\t\t\t\t<\/div>\n\t\t<\/section>\n\t\t\t\t<\/div>\n\t\t","protected":false},"excerpt":{"rendered":"<p>Vous avez une question particuli\u00e8re ? Des projets de voyage \u00e0 nous partager ? Ou bien seulement une remarque \u00e0 nous faire parvenir? Veuillez nous envoyer un message directement \u00e0 cette adresse : sales@amotravel.com. Ou remplissez le formulaire ci \u2013 dessous pour nous contacter. Vos Coordonn\u00e9es<\/p>\n","protected":false},"author":4,"featured_media":8332,"parent":0,"menu_order":0,"comment_status":"closed","ping_status":"closed","template":"page-heroslide.php","meta":{"footnotes":""},"class_list":["post-928","page","type-page","status-publish","has-post-thumbnail","hentry"],"yoast_head":"<!-- This site is optimized with the Yoast SEO plugin v24.7 - https:\/\/yoast.com\/wordpress\/plugins\/seo\/ -->\n<title>Contact de Amo Travel - Voyage Vietnam. voyage Cambodge, Laos<\/title>\n<meta name=\"description\" content=\"Contactez-nous si vous souhaitez effectuer une r\u00e9servation, avoir des pr\u00e9cisions sur le d\u00e9roulement de votre futur voyage au VietNam, Cambodge, Laos.......\" \/>\n<meta name=\"robots\" content=\"index, follow, max-snippet:-1, max-image-preview:large, max-video-preview:-1\" \/>\n<link rel=\"canonical\" href=\"https:\/\/www.amotravel.com\/fr\/contactez-nous\/\" \/>\n<meta property=\"og:locale\" content=\"fr_FR\" \/>\n<meta property=\"og:type\" content=\"article\" \/>\n<meta property=\"og:title\" content=\"Contact de Amo Travel - Voyage Vietnam. voyage Cambodge, Laos\" \/>\n<meta property=\"og:description\" content=\"Contactez-nous si vous souhaitez effectuer une r\u00e9servation, avoir des pr\u00e9cisions sur le d\u00e9roulement de votre futur voyage au VietNam, Cambodge, Laos.......\" \/>\n<meta property=\"og:url\" content=\"https:\/\/www.amotravel.com\/fr\/contactez-nous\/\" \/>\n<meta property=\"og:site_name\" content=\"Amo Travel\" \/>\n<meta property=\"article:modified_time\" content=\"2024-02-22T02:33:00+00:00\" \/>\n<meta property=\"og:image\" content=\"https:\/\/www.amotravel.com\/fr\/wp-content\/uploads\/2024\/02\/z5181634676827_9a4b2f459d262f9214b9494f18f6adc7.jpg\" \/>\n\t<meta property=\"og:image:width\" content=\"2560\" \/>\n\t<meta property=\"og:image:height\" content=\"1703\" \/>\n\t<meta property=\"og:image:type\" content=\"image\/jpeg\" \/>\n<meta name=\"twitter:card\" content=\"summary_large_image\" \/>\n<meta name=\"twitter:label1\" content=\"Dur\u00e9e de lecture estim\u00e9e\" \/>\n\t<meta name=\"twitter:data1\" content=\"1 minute\" \/>\n<script type=\"application\/ld+json\" class=\"yoast-schema-graph\">{\"@context\":\"https:\/\/schema.org\",\"@graph\":[{\"@type\":\"WebPage\",\"@id\":\"https:\/\/www.amotravel.com\/fr\/contactez-nous\/\",\"url\":\"https:\/\/www.amotravel.com\/fr\/contactez-nous\/\",\"name\":\"Contact de Amo Travel - Voyage Vietnam. voyage Cambodge, Laos\",\"isPartOf\":{\"@id\":\"https:\/\/www.amotravel.com\/fr\/#website\"},\"primaryImageOfPage\":{\"@id\":\"https:\/\/www.amotravel.com\/fr\/contactez-nous\/#primaryimage\"},\"image\":{\"@id\":\"https:\/\/www.amotravel.com\/fr\/contactez-nous\/#primaryimage\"},\"thumbnailUrl\":\"https:\/\/www.amotravel.com\/fr\/wp-content\/uploads\/2024\/02\/z5181634676827_9a4b2f459d262f9214b9494f18f6adc7.jpg\",\"datePublished\":\"2016-05-08T16:57:32+00:00\",\"dateModified\":\"2024-02-22T02:33:00+00:00\",\"description\":\"Contactez-nous si vous souhaitez effectuer une r\u00e9servation, avoir des pr\u00e9cisions sur le d\u00e9roulement de votre futur voyage au VietNam, Cambodge, Laos.......\",\"breadcrumb\":{\"@id\":\"https:\/\/www.amotravel.com\/fr\/contactez-nous\/#breadcrumb\"},\"inLanguage\":\"fr-FR\",\"potentialAction\":[{\"@type\":\"ReadAction\",\"target\":[\"https:\/\/www.amotravel.com\/fr\/contactez-nous\/\"]}]},{\"@type\":\"ImageObject\",\"inLanguage\":\"fr-FR\",\"@id\":\"https:\/\/www.amotravel.com\/fr\/contactez-nous\/#primaryimage\",\"url\":\"https:\/\/www.amotravel.com\/fr\/wp-content\/uploads\/2024\/02\/z5181634676827_9a4b2f459d262f9214b9494f18f6adc7.jpg\",\"contentUrl\":\"https:\/\/www.amotravel.com\/fr\/wp-content\/uploads\/2024\/02\/z5181634676827_9a4b2f459d262f9214b9494f18f6adc7.jpg\",\"width\":2560,\"height\":1703},{\"@type\":\"BreadcrumbList\",\"@id\":\"https:\/\/www.amotravel.com\/fr\/contactez-nous\/#breadcrumb\",\"itemListElement\":[{\"@type\":\"ListItem\",\"position\":1,\"name\":\"Accueil\",\"item\":\"https:\/\/www.amotravel.com\/fr\/\"},{\"@type\":\"ListItem\",\"position\":2,\"name\":\"Contactez &#8211; nous\"}]},{\"@type\":\"WebSite\",\"@id\":\"https:\/\/www.amotravel.com\/fr\/#website\",\"url\":\"https:\/\/www.amotravel.com\/fr\/\",\"name\":\"Amo Travel\",\"description\":\"\",\"publisher\":{\"@id\":\"https:\/\/www.amotravel.com\/fr\/#organization\"},\"potentialAction\":[{\"@type\":\"SearchAction\",\"target\":{\"@type\":\"EntryPoint\",\"urlTemplate\":\"https:\/\/www.amotravel.com\/fr\/?s={search_term_string}\"},\"query-input\":{\"@type\":\"PropertyValueSpecification\",\"valueRequired\":true,\"valueName\":\"search_term_string\"}}],\"inLanguage\":\"fr-FR\"},{\"@type\":\"Organization\",\"@id\":\"https:\/\/www.amotravel.com\/fr\/#organization\",\"name\":\"Amo Travel\",\"url\":\"https:\/\/www.amotravel.com\/fr\/\",\"logo\":{\"@type\":\"ImageObject\",\"inLanguage\":\"fr-FR\",\"@id\":\"https:\/\/www.amotravel.com\/fr\/#\/schema\/logo\/image\/\",\"url\":\"https:\/\/www.amotravel.com\/fr\/wp-content\/uploads\/2016\/07\/Logo-ATV-No-Slogan.png\",\"contentUrl\":\"https:\/\/www.amotravel.com\/fr\/wp-content\/uploads\/2016\/07\/Logo-ATV-No-Slogan.png\",\"width\":536,\"height\":85,\"caption\":\"Amo Travel\"},\"image\":{\"@id\":\"https:\/\/www.amotravel.com\/fr\/#\/schema\/logo\/image\/\"}}]}<\/script>\n<!-- \/ Yoast SEO plugin. -->","yoast_head_json":{"title":"Contact de Amo Travel - Voyage Vietnam. voyage Cambodge, Laos","description":"Contactez-nous si vous souhaitez effectuer une r\u00e9servation, avoir des pr\u00e9cisions sur le d\u00e9roulement de votre futur voyage au VietNam, Cambodge, Laos.......","robots":{"index":"index","follow":"follow","max-snippet":"max-snippet:-1","max-image-preview":"max-image-preview:large","max-video-preview":"max-video-preview:-1"},"canonical":"https:\/\/www.amotravel.com\/fr\/contactez-nous\/","og_locale":"fr_FR","og_type":"article","og_title":"Contact de Amo Travel - Voyage Vietnam. voyage Cambodge, Laos","og_description":"Contactez-nous si vous souhaitez effectuer une r\u00e9servation, avoir des pr\u00e9cisions sur le d\u00e9roulement de votre futur voyage au VietNam, Cambodge, Laos.......","og_url":"https:\/\/www.amotravel.com\/fr\/contactez-nous\/","og_site_name":"Amo Travel","article_modified_time":"2024-02-22T02:33:00+00:00","og_image":[{"width":2560,"height":1703,"url":"https:\/\/www.amotravel.com\/fr\/wp-content\/uploads\/2024\/02\/z5181634676827_9a4b2f459d262f9214b9494f18f6adc7.jpg","type":"image\/jpeg"}],"twitter_card":"summary_large_image","twitter_misc":{"Dur\u00e9e de lecture estim\u00e9e":"1 minute"},"schema":{"@context":"https:\/\/schema.org","@graph":[{"@type":"WebPage","@id":"https:\/\/www.amotravel.com\/fr\/contactez-nous\/","url":"https:\/\/www.amotravel.com\/fr\/contactez-nous\/","name":"Contact de Amo Travel - Voyage Vietnam. voyage Cambodge, Laos","isPartOf":{"@id":"https:\/\/www.amotravel.com\/fr\/#website"},"primaryImageOfPage":{"@id":"https:\/\/www.amotravel.com\/fr\/contactez-nous\/#primaryimage"},"image":{"@id":"https:\/\/www.amotravel.com\/fr\/contactez-nous\/#primaryimage"},"thumbnailUrl":"https:\/\/www.amotravel.com\/fr\/wp-content\/uploads\/2024\/02\/z5181634676827_9a4b2f459d262f9214b9494f18f6adc7.jpg","datePublished":"2016-05-08T16:57:32+00:00","dateModified":"2024-02-22T02:33:00+00:00","description":"Contactez-nous si vous souhaitez effectuer une r\u00e9servation, avoir des pr\u00e9cisions sur le d\u00e9roulement de votre futur voyage au VietNam, Cambodge, Laos.......","breadcrumb":{"@id":"https:\/\/www.amotravel.com\/fr\/contactez-nous\/#breadcrumb"},"inLanguage":"fr-FR","potentialAction":[{"@type":"ReadAction","target":["https:\/\/www.amotravel.com\/fr\/contactez-nous\/"]}]},{"@type":"ImageObject","inLanguage":"fr-FR","@id":"https:\/\/www.amotravel.com\/fr\/contactez-nous\/#primaryimage","url":"https:\/\/www.amotravel.com\/fr\/wp-content\/uploads\/2024\/02\/z5181634676827_9a4b2f459d262f9214b9494f18f6adc7.jpg","contentUrl":"https:\/\/www.amotravel.com\/fr\/wp-content\/uploads\/2024\/02\/z5181634676827_9a4b2f459d262f9214b9494f18f6adc7.jpg","width":2560,"height":1703},{"@type":"BreadcrumbList","@id":"https:\/\/www.amotravel.com\/fr\/contactez-nous\/#breadcrumb","itemListElement":[{"@type":"ListItem","position":1,"name":"Accueil","item":"https:\/\/www.amotravel.com\/fr\/"},{"@type":"ListItem","position":2,"name":"Contactez &#8211; nous"}]},{"@type":"WebSite","@id":"https:\/\/www.amotravel.com\/fr\/#website","url":"https:\/\/www.amotravel.com\/fr\/","name":"Amo Travel","description":"","publisher":{"@id":"https:\/\/www.amotravel.com\/fr\/#organization"},"potentialAction":[{"@type":"SearchAction","target":{"@type":"EntryPoint","urlTemplate":"https:\/\/www.amotravel.com\/fr\/?s={search_term_string}"},"query-input":{"@type":"PropertyValueSpecification","valueRequired":true,"valueName":"search_term_string"}}],"inLanguage":"fr-FR"},{"@type":"Organization","@id":"https:\/\/www.amotravel.com\/fr\/#organization","name":"Amo Travel","url":"https:\/\/www.amotravel.com\/fr\/","logo":{"@type":"ImageObject","inLanguage":"fr-FR","@id":"https:\/\/www.amotravel.com\/fr\/#\/schema\/logo\/image\/","url":"https:\/\/www.amotravel.com\/fr\/wp-content\/uploads\/2016\/07\/Logo-ATV-No-Slogan.png","contentUrl":"https:\/\/www.amotravel.com\/fr\/wp-content\/uploads\/2016\/07\/Logo-ATV-No-Slogan.png","width":536,"height":85,"caption":"Amo Travel"},"image":{"@id":"https:\/\/www.amotravel.com\/fr\/#\/schema\/logo\/image\/"}}]}},"_links":{"self":[{"href":"https:\/\/www.amotravel.com\/fr\/wp-json\/wp\/v2\/pages\/928","targetHints":{"allow":["GET"]}}],"collection":[{"href":"https:\/\/www.amotravel.com\/fr\/wp-json\/wp\/v2\/pages"}],"about":[{"href":"https:\/\/www.amotravel.com\/fr\/wp-json\/wp\/v2\/types\/page"}],"author":[{"embeddable":true,"href":"https:\/\/www.amotravel.com\/fr\/wp-json\/wp\/v2\/users\/4"}],"replies":[{"embeddable":true,"href":"https:\/\/www.amotravel.com\/fr\/wp-json\/wp\/v2\/comments?post=928"}],"version-history":[{"count":13,"href":"https:\/\/www.amotravel.com\/fr\/wp-json\/wp\/v2\/pages\/928\/revisions"}],"predecessor-version":[{"id":8333,"href":"https:\/\/www.amotravel.com\/fr\/wp-json\/wp\/v2\/pages\/928\/revisions\/8333"}],"wp:featuredmedia":[{"embeddable":true,"href":"https:\/\/www.amotravel.com\/fr\/wp-json\/wp\/v2\/media\/8332"}],"wp:attachment":[{"href":"https:\/\/www.amotravel.com\/fr\/wp-json\/wp\/v2\/media?parent=928"}],"curies":[{"name":"wp","href":"https:\/\/api.w.org\/{rel}","templated":true}]}}