{"id":2003,"date":"2016-07-10T04:55:58","date_gmt":"2016-07-10T04:55:58","guid":{"rendered":"http:\/\/viaggi.dorola.net\/?page_id=2003"},"modified":"2020-07-31T09:45:59","modified_gmt":"2020-07-31T09:45:59","slug":"guide-de-voyage-vietnam","status":"publish","type":"page","link":"https:\/\/www.amotravel.com\/fr\/guide-de-voyage-vietnam\/","title":{"rendered":"Guide de Voyage"},"content":{"rendered":"\t\t<div data-elementor-type=\"wp-post\" data-elementor-id=\"2003\" class=\"elementor elementor-2003 elementor-bc-flex-widget\">\n\t\t\t\t\t\t<section class=\"elementor-section elementor-top-section elementor-element elementor-element-1fa7f11e elementor-section-boxed elementor-section-height-default elementor-section-height-default\" data-id=\"1fa7f11e\" data-element_type=\"section\">\n\t\t\t\t\t\t<div class=\"elementor-container elementor-column-gap-default\">\n\t\t\t\t\t<div class=\"elementor-column elementor-col-100 elementor-top-column elementor-element elementor-element-147d62f7\" data-id=\"147d62f7\" data-element_type=\"column\">\n\t\t\t<div class=\"elementor-widget-wrap elementor-element-populated\">\n\t\t\t\t\t\t<div class=\"elementor-element elementor-element-517bebce elementor-widget elementor-widget-text-editor\" data-id=\"517bebce\" data-element_type=\"widget\" data-widget_type=\"text-editor.default\">\n\t\t\t\t<div class=\"elementor-widget-container\">\n\t\t\t\t\t\t\t\t\t<h1 style=\"text-align: center;\"><span style=\"font-family: arial, helvetica, sans-serif; color: #993300; font-size: 18pt;\"><strong>LE GUIDE CULTUREL ET LES\u00a0CONSEILS POUR PREPARER VOTRE VOYAGE AU VIETNAM, LAOS ET CAMBODGE<\/strong><\/span><\/h1>\n<p><span style=\"font-family: arial, helvetica, sans-serif; font-size: 12pt;\">Hanoi, Vietnam est \u00a08746km de Paris ou 8871km de Marseille. Allors on peut dire que le Vietnam est une autre partie du monde. Le Vietnam est\u00a0sp\u00e9cialement \u00a0une destination populaire pour les voyageurs Fran\u00e7ais depuis des ann\u00e9es.<\/span><\/p>\n<p><span style=\"font-family: arial, helvetica, sans-serif; font-size: 12pt;\">Il y a beaucoup de questions que chaque voyageur devrait essayer un peu de temps pour pr\u00e9parer et am\u00e9liorer le voyage, \u00e0 savoir ce qu&rsquo;il faut faire, \u00e0 visiter au Vietnam, au Cambodge et au Laos, comme la nourriture &#8230;<\/span><\/p>\n<p><span style=\"font-family: arial, helvetica, sans-serif; font-size: 12pt;\">Pour vous aider \u00e0 planifier le voyage \u00e0 votre fa\u00e7on, nous avons d\u00e9j\u00e0 fait une liste de questions dans notre exp\u00e9rience dans le domaine du tourisme. De plus, \u00a0l&rsquo;\u00e9quipe de Amo Travel &#8211; nous voulons vous pr\u00e9senter notre guide sur le Vietnam que nous avons \u00e9labor\u00e9 avec l&rsquo;aide d&rsquo;experts de tous les domaines: la culture, la gastronomie, l&rsquo;ethnographie, l&rsquo;histoire<\/span><\/p>\n<h3><span style=\"color: #993300; font-family: arial, helvetica, sans-serif; font-size: 12pt;\"><strong>PR\u00c9PARATION DU VOYAGE<\/strong><\/span><\/h3>\n<table style=\"width: 816px;\">\n<tbody>\n<tr>\n<td style=\"width: 406px; vertical-align: top;\">\n<h4><span style=\"font-family: arial, helvetica, sans-serif; font-size: 12pt;\"><strong>Amo Travel<\/strong><\/span><\/h4>\n<ul>\n<li><span style=\"color: #0000ff; font-family: arial, helvetica, sans-serif; font-size: 12pt;\"><a style=\"color: #0000ff;\" href=\"http:\/\/www.amotravel.fr\/guida-vietnam\/comment-choisir-une-agence-de-voyage\/\">Comment choisir une bonne agence de voyage?<\/a><\/span><\/li>\n<li><span style=\"font-family: arial, helvetica, sans-serif; font-size: 12pt;\">3 \u00e9tapes pour r\u00e9server votre voyage au Vietnam<\/span><\/li>\n<li><span style=\"font-family: arial, helvetica, sans-serif;\"><span style=\"font-size: 16px;\"><a href=\"https:\/\/www.amotravel.fr\/condition-de-vente\/\" target=\"_blank\" rel=\"noopener\">Condition de vente<\/a><\/span><\/span><\/li>\n<\/ul>\n<h4><span style=\"font-family: arial, helvetica, sans-serif; font-size: 12pt;\"><strong>Quelle p\u00e9riode choisir?\u00a0<\/strong><\/span><\/h4>\n<ul>\n<li><span style=\"font-size: 12pt;\"><span style=\"font-family: arial, helvetica, sans-serif; color: #0000ff;\">Le meilleur p\u00e9riode pour visiter<br \/><\/span><a href=\"http:\/\/www.amotravel.fr\/guida-vietnam\/heures-de-travail-et-les-jours-feries\/\"><span style=\"font-family: arial, helvetica, sans-serif;\">Heures de travail et les jours f\u00e9ri\u00e9s<\/span><\/a><\/span><\/li>\n<\/ul>\n<h2><span style=\"font-size: 12pt; font-family: arial, helvetica, sans-serif;\">Formalit\u00e9s administratives<\/span><\/h2>\n<ul>\n<li><span style=\"font-size: 12pt;\"><a href=\"http:\/\/www.amotravel.fr\/guida-vietnam\/visa-vietnam-cambodge-laos\/\">Visa pour aller au Vietnam, Cambodge, Laos<\/a><\/span><\/li>\n<li>\n<p><span style=\"font-size: 12pt;\"><a href=\"http:\/\/www.amotravel.fr\/guida-vietnam\/assurance-voyage\/\">Assurance pour votre voyage\u00a0<\/a><\/span><\/p>\n<\/li>\n<\/ul>\n<p><span style=\"font-size: 12pt;\"><strong>Pr\u00e9paration de voyage<\/strong><\/span><\/p>\n<ul>\n<li><span style=\"font-size: 12pt;\"><a href=\"http:\/\/www.amotravel.fr\/guida-vietnam\/les-bagages-et-les-vetements\/\">Les bagages et les v\u00eatements<\/a><\/span><\/li>\n<li><span style=\"color: #0000ff; font-size: 12pt;\"><a style=\"color: #0000ff;\" href=\"http:\/\/www.amotravel.fr\/guida-vietnam\/vaccination\/\">Vaccination: oui ou non?<\/a><\/span><\/li>\n<li>\n<p><span style=\"font-size: 12pt;\"><a href=\"http:\/\/www.amotravel.fr\/guida-vietnam\/livres-et-films-sur-le-vietnam-recommandes\/\">Livres et films sur le Vietnam recommand\u00e9s<\/a><\/span><\/p>\n<\/li>\n<li><span style=\"font-size: 12pt;\">Cadeaux \u00e0 prendre?<\/span><\/li>\n<li><span style=\"font-size: 12pt;\"><a href=\"http:\/\/www.amotravel.fr\/guida-vietnam\/la-monnaie\/\">Monnaie\u00a0:\u00a0Carte de cr\u00e9dit, USD, EUR ou Dong vietnamien?<\/a><\/span><\/li>\n<\/ul>\n<\/td>\n<td style=\"width: 372px; vertical-align: top;\">\n<p><span style=\"font-size: 12pt;\"><strong>Informations pratiques<\/strong><\/span><\/p>\n<ul>\n<li><span style=\"font-size: 12pt;\"><a href=\"http:\/\/www.amotravel.fr\/guida-vietnam\/a-faire-et-ne-pas-faire\/\">A faire et ne pas faire?<\/a><\/span><\/li>\n<li><span style=\"font-size: 12pt;\">Nourriture et boissons<\/span><\/li>\n<li><span style=\"font-size: 12pt;\"><a href=\"http:\/\/www.amotravel.fr\/guida-vietnam\/electricite-et-eau\/\">Electricit\u00e9 et eau<\/a><\/span><\/li>\n<li><span style=\"font-size: 12pt;\"><a href=\"http:\/\/www.amotravel.fr\/guida-vietnam\/telephone-et-internet\/\">T\u00e9l\u00e9phone et internet 3G<\/a><\/span><\/li>\n<li><span style=\"font-size: 12pt;\">D\u00e9penses et traitement<\/span><\/li>\n<li>\n<p><span style=\"font-size: 12pt;\"><a href=\"http:\/\/www.amotravel.fr\/guida-vietnam\/pourboires-et-dons\/\">Pourboires et dons au Vietnam<\/a><\/span><\/p>\n<\/li>\n<li><span style=\"font-size: 12pt;\"><a href=\"http:\/\/www.amotravel.fr\/guide-voyage-vietnam\/transport\/\">Transport<\/a><\/span><\/li>\n<li><span style=\"font-size: 12pt;\">Les vols int\u00e9rieurs et internationaux<\/span><\/li>\n<li><span style=\"font-size: 12pt;\">S\u00e9curit\u00e9<\/span><\/li>\n<li><span style=\"font-size: 12pt;\"><a href=\"http:\/\/www.amotravel.fr\/guide-voyage-vietnam\/adresses-utiles\/\">Adresses utiles<\/a><\/span><\/li>\n<\/ul>\n<\/td>\n<\/tr>\n<\/tbody>\n<\/table>\n<p><span style=\"font-family: arial, helvetica, sans-serif; font-size: 12pt;\"><strong>\u00a0<\/strong><\/span><\/p>\n<p><span style=\"color: #993300; font-size: 12pt; font-family: arial, helvetica, sans-serif;\"><strong>LE GUIDE CULTUREL<\/strong><\/span><\/p>\n<table width=\"680\">\n<tbody>\n<tr>\n<td width=\"49%\">\n<p><span style=\"font-size: 12pt;\">Histoire<\/span><\/p>\n<p><span style=\"font-size: 12pt;\">G\u00e9ographie et climat<\/span><\/p>\n<p><span style=\"font-size: 12pt;\">la culture<\/span><\/p>\n<p>\u00a0<\/p>\n<\/td>\n<td width=\"50%\">\n<p><span style=\"font-size: 12pt;\">La population<\/span><\/p>\n<p><span style=\"font-size: 12pt;\">Gastronomie<\/span><\/p>\n<p><span style=\"font-size: 12pt;\">Religions et croyances<\/span><\/p>\n<p><span style=\"font-size: 12pt;\">Le r\u00e9gime politique<\/span><\/p>\n<\/td>\n<\/tr>\n<\/tbody>\n<\/table>\n<p style=\"text-align: right;\"><span style=\"font-family: arial, helvetica, sans-serif; font-size: 12pt;\">\u00a0<\/span><\/p>\n<p style=\"text-align: right;\"><span style=\"font-size: 12pt;\"><em>Retour au Guide de Voyage Vietnam<\/em><\/span><\/p>\n<p style=\"text-align: right;\"><span style=\"color: #993300; font-size: 12pt;\"><strong>Nous vous souhaitons un bon voyage au Vietnam!<\/strong><\/span><\/p>\n<p>\u00a0<\/p>\t\t\t\t\t\t\t\t<\/div>\n\t\t\t\t<\/div>\n\t\t\t\t\t<\/div>\n\t\t<\/div>\n\t\t\t\t\t<\/div>\n\t\t<\/section>\n\t\t\t\t<\/div>\n\t\t","protected":false},"excerpt":{"rendered":"<p>LE GUIDE CULTUREL ET LES\u00a0CONSEILS POUR PREPARER VOTRE VOYAGE AU VIETNAM, LAOS ET CAMBODGE Hanoi, Vietnam est \u00a08746km de Paris ou 8871km de Marseille. Allors on peut dire que le Vietnam est une autre partie du monde. Le Vietnam est\u00a0sp\u00e9cialement \u00a0une destination populaire pour les voyageurs Fran\u00e7ais depuis des ann\u00e9es. Il y a beaucoup de [&hellip;]<\/p>\n","protected":false},"author":4,"featured_media":5320,"parent":0,"menu_order":0,"comment_status":"closed","ping_status":"closed","template":"","meta":{"footnotes":""},"class_list":["post-2003","page","type-page","status-publish","has-post-thumbnail","hentry"],"yoast_head":"<!-- This site is optimized with the Yoast SEO plugin v24.7 - https:\/\/yoast.com\/wordpress\/plugins\/seo\/ -->\n<title>Le guide culturel et les Conseils pour pr\u00e9parer votre voyage au Vietnam<\/title>\n<meta name=\"description\" content=\"Hanoi, Vietnam est 8746km de Paris ou 8871km de Marseille. Allors on peut dire que le Vietnam est une autre partie du monde.\" \/>\n<meta name=\"robots\" content=\"index, follow, max-snippet:-1, max-image-preview:large, max-video-preview:-1\" \/>\n<link rel=\"canonical\" href=\"https:\/\/www.amotravel.com\/fr\/guide-de-voyage-vietnam\/\" \/>\n<meta property=\"og:locale\" content=\"fr_FR\" \/>\n<meta property=\"og:type\" content=\"article\" \/>\n<meta property=\"og:title\" content=\"Le guide culturel et les Conseils pour pr\u00e9parer votre voyage au Vietnam\" \/>\n<meta property=\"og:description\" content=\"Hanoi, Vietnam est 8746km de Paris ou 8871km de Marseille. Allors on peut dire que le Vietnam est une autre partie du monde.\" \/>\n<meta property=\"og:url\" content=\"https:\/\/www.amotravel.com\/fr\/guide-de-voyage-vietnam\/\" \/>\n<meta property=\"og:site_name\" content=\"Amo Travel\" \/>\n<meta property=\"article:modified_time\" content=\"2020-07-31T09:45:59+00:00\" \/>\n<meta property=\"og:image\" content=\"https:\/\/www.amotravel.com\/fr\/wp-content\/uploads\/2020\/04\/mu-cang-chai-7.jpg\" \/>\n\t<meta property=\"og:image:width\" content=\"870\" \/>\n\t<meta property=\"og:image:height\" content=\"550\" \/>\n\t<meta property=\"og:image:type\" content=\"image\/jpeg\" \/>\n<meta name=\"twitter:card\" content=\"summary_large_image\" \/>\n<meta name=\"twitter:label1\" content=\"Dur\u00e9e de lecture estim\u00e9e\" \/>\n\t<meta name=\"twitter:data1\" content=\"2 minutes\" \/>\n<script type=\"application\/ld+json\" class=\"yoast-schema-graph\">{\"@context\":\"https:\/\/schema.org\",\"@graph\":[{\"@type\":\"WebPage\",\"@id\":\"https:\/\/www.amotravel.com\/fr\/guide-de-voyage-vietnam\/\",\"url\":\"https:\/\/www.amotravel.com\/fr\/guide-de-voyage-vietnam\/\",\"name\":\"Le guide culturel et les Conseils pour pr\u00e9parer votre voyage au Vietnam\",\"isPartOf\":{\"@id\":\"https:\/\/www.amotravel.com\/fr\/#website\"},\"primaryImageOfPage\":{\"@id\":\"https:\/\/www.amotravel.com\/fr\/guide-de-voyage-vietnam\/#primaryimage\"},\"image\":{\"@id\":\"https:\/\/www.amotravel.com\/fr\/guide-de-voyage-vietnam\/#primaryimage\"},\"thumbnailUrl\":\"https:\/\/www.amotravel.com\/fr\/wp-content\/uploads\/2020\/04\/mu-cang-chai-7.jpg\",\"datePublished\":\"2016-07-10T04:55:58+00:00\",\"dateModified\":\"2020-07-31T09:45:59+00:00\",\"description\":\"Hanoi, Vietnam est 8746km de Paris ou 8871km de Marseille. Allors on peut dire que le Vietnam est une autre partie du monde.\",\"breadcrumb\":{\"@id\":\"https:\/\/www.amotravel.com\/fr\/guide-de-voyage-vietnam\/#breadcrumb\"},\"inLanguage\":\"fr-FR\",\"potentialAction\":[{\"@type\":\"ReadAction\",\"target\":[\"https:\/\/www.amotravel.com\/fr\/guide-de-voyage-vietnam\/\"]}]},{\"@type\":\"ImageObject\",\"inLanguage\":\"fr-FR\",\"@id\":\"https:\/\/www.amotravel.com\/fr\/guide-de-voyage-vietnam\/#primaryimage\",\"url\":\"https:\/\/www.amotravel.com\/fr\/wp-content\/uploads\/2020\/04\/mu-cang-chai-7.jpg\",\"contentUrl\":\"https:\/\/www.amotravel.com\/fr\/wp-content\/uploads\/2020\/04\/mu-cang-chai-7.jpg\",\"width\":870,\"height\":550},{\"@type\":\"BreadcrumbList\",\"@id\":\"https:\/\/www.amotravel.com\/fr\/guide-de-voyage-vietnam\/#breadcrumb\",\"itemListElement\":[{\"@type\":\"ListItem\",\"position\":1,\"name\":\"Accueil\",\"item\":\"https:\/\/www.amotravel.com\/fr\/\"},{\"@type\":\"ListItem\",\"position\":2,\"name\":\"Guide de Voyage\"}]},{\"@type\":\"WebSite\",\"@id\":\"https:\/\/www.amotravel.com\/fr\/#website\",\"url\":\"https:\/\/www.amotravel.com\/fr\/\",\"name\":\"Amo Travel\",\"description\":\"\",\"publisher\":{\"@id\":\"https:\/\/www.amotravel.com\/fr\/#organization\"},\"potentialAction\":[{\"@type\":\"SearchAction\",\"target\":{\"@type\":\"EntryPoint\",\"urlTemplate\":\"https:\/\/www.amotravel.com\/fr\/?s={search_term_string}\"},\"query-input\":{\"@type\":\"PropertyValueSpecification\",\"valueRequired\":true,\"valueName\":\"search_term_string\"}}],\"inLanguage\":\"fr-FR\"},{\"@type\":\"Organization\",\"@id\":\"https:\/\/www.amotravel.com\/fr\/#organization\",\"name\":\"Amo Travel\",\"url\":\"https:\/\/www.amotravel.com\/fr\/\",\"logo\":{\"@type\":\"ImageObject\",\"inLanguage\":\"fr-FR\",\"@id\":\"https:\/\/www.amotravel.com\/fr\/#\/schema\/logo\/image\/\",\"url\":\"https:\/\/www.amotravel.com\/fr\/wp-content\/uploads\/2016\/07\/Logo-ATV-No-Slogan.png\",\"contentUrl\":\"https:\/\/www.amotravel.com\/fr\/wp-content\/uploads\/2016\/07\/Logo-ATV-No-Slogan.png\",\"width\":536,\"height\":85,\"caption\":\"Amo Travel\"},\"image\":{\"@id\":\"https:\/\/www.amotravel.com\/fr\/#\/schema\/logo\/image\/\"}}]}<\/script>\n<!-- \/ Yoast SEO plugin. -->","yoast_head_json":{"title":"Le guide culturel et les Conseils pour pr\u00e9parer votre voyage au Vietnam","description":"Hanoi, Vietnam est 8746km de Paris ou 8871km de Marseille. Allors on peut dire que le Vietnam est une autre partie du monde.","robots":{"index":"index","follow":"follow","max-snippet":"max-snippet:-1","max-image-preview":"max-image-preview:large","max-video-preview":"max-video-preview:-1"},"canonical":"https:\/\/www.amotravel.com\/fr\/guide-de-voyage-vietnam\/","og_locale":"fr_FR","og_type":"article","og_title":"Le guide culturel et les Conseils pour pr\u00e9parer votre voyage au Vietnam","og_description":"Hanoi, Vietnam est 8746km de Paris ou 8871km de Marseille. Allors on peut dire que le Vietnam est une autre partie du monde.","og_url":"https:\/\/www.amotravel.com\/fr\/guide-de-voyage-vietnam\/","og_site_name":"Amo Travel","article_modified_time":"2020-07-31T09:45:59+00:00","og_image":[{"width":870,"height":550,"url":"https:\/\/www.amotravel.com\/fr\/wp-content\/uploads\/2020\/04\/mu-cang-chai-7.jpg","type":"image\/jpeg"}],"twitter_card":"summary_large_image","twitter_misc":{"Dur\u00e9e de lecture estim\u00e9e":"2 minutes"},"schema":{"@context":"https:\/\/schema.org","@graph":[{"@type":"WebPage","@id":"https:\/\/www.amotravel.com\/fr\/guide-de-voyage-vietnam\/","url":"https:\/\/www.amotravel.com\/fr\/guide-de-voyage-vietnam\/","name":"Le guide culturel et les Conseils pour pr\u00e9parer votre voyage au Vietnam","isPartOf":{"@id":"https:\/\/www.amotravel.com\/fr\/#website"},"primaryImageOfPage":{"@id":"https:\/\/www.amotravel.com\/fr\/guide-de-voyage-vietnam\/#primaryimage"},"image":{"@id":"https:\/\/www.amotravel.com\/fr\/guide-de-voyage-vietnam\/#primaryimage"},"thumbnailUrl":"https:\/\/www.amotravel.com\/fr\/wp-content\/uploads\/2020\/04\/mu-cang-chai-7.jpg","datePublished":"2016-07-10T04:55:58+00:00","dateModified":"2020-07-31T09:45:59+00:00","description":"Hanoi, Vietnam est 8746km de Paris ou 8871km de Marseille. Allors on peut dire que le Vietnam est une autre partie du monde.","breadcrumb":{"@id":"https:\/\/www.amotravel.com\/fr\/guide-de-voyage-vietnam\/#breadcrumb"},"inLanguage":"fr-FR","potentialAction":[{"@type":"ReadAction","target":["https:\/\/www.amotravel.com\/fr\/guide-de-voyage-vietnam\/"]}]},{"@type":"ImageObject","inLanguage":"fr-FR","@id":"https:\/\/www.amotravel.com\/fr\/guide-de-voyage-vietnam\/#primaryimage","url":"https:\/\/www.amotravel.com\/fr\/wp-content\/uploads\/2020\/04\/mu-cang-chai-7.jpg","contentUrl":"https:\/\/www.amotravel.com\/fr\/wp-content\/uploads\/2020\/04\/mu-cang-chai-7.jpg","width":870,"height":550},{"@type":"BreadcrumbList","@id":"https:\/\/www.amotravel.com\/fr\/guide-de-voyage-vietnam\/#breadcrumb","itemListElement":[{"@type":"ListItem","position":1,"name":"Accueil","item":"https:\/\/www.amotravel.com\/fr\/"},{"@type":"ListItem","position":2,"name":"Guide de Voyage"}]},{"@type":"WebSite","@id":"https:\/\/www.amotravel.com\/fr\/#website","url":"https:\/\/www.amotravel.com\/fr\/","name":"Amo Travel","description":"","publisher":{"@id":"https:\/\/www.amotravel.com\/fr\/#organization"},"potentialAction":[{"@type":"SearchAction","target":{"@type":"EntryPoint","urlTemplate":"https:\/\/www.amotravel.com\/fr\/?s={search_term_string}"},"query-input":{"@type":"PropertyValueSpecification","valueRequired":true,"valueName":"search_term_string"}}],"inLanguage":"fr-FR"},{"@type":"Organization","@id":"https:\/\/www.amotravel.com\/fr\/#organization","name":"Amo Travel","url":"https:\/\/www.amotravel.com\/fr\/","logo":{"@type":"ImageObject","inLanguage":"fr-FR","@id":"https:\/\/www.amotravel.com\/fr\/#\/schema\/logo\/image\/","url":"https:\/\/www.amotravel.com\/fr\/wp-content\/uploads\/2016\/07\/Logo-ATV-No-Slogan.png","contentUrl":"https:\/\/www.amotravel.com\/fr\/wp-content\/uploads\/2016\/07\/Logo-ATV-No-Slogan.png","width":536,"height":85,"caption":"Amo Travel"},"image":{"@id":"https:\/\/www.amotravel.com\/fr\/#\/schema\/logo\/image\/"}}]}},"_links":{"self":[{"href":"https:\/\/www.amotravel.com\/fr\/wp-json\/wp\/v2\/pages\/2003","targetHints":{"allow":["GET"]}}],"collection":[{"href":"https:\/\/www.amotravel.com\/fr\/wp-json\/wp\/v2\/pages"}],"about":[{"href":"https:\/\/www.amotravel.com\/fr\/wp-json\/wp\/v2\/types\/page"}],"author":[{"embeddable":true,"href":"https:\/\/www.amotravel.com\/fr\/wp-json\/wp\/v2\/users\/4"}],"replies":[{"embeddable":true,"href":"https:\/\/www.amotravel.com\/fr\/wp-json\/wp\/v2\/comments?post=2003"}],"version-history":[{"count":48,"href":"https:\/\/www.amotravel.com\/fr\/wp-json\/wp\/v2\/pages\/2003\/revisions"}],"predecessor-version":[{"id":7543,"href":"https:\/\/www.amotravel.com\/fr\/wp-json\/wp\/v2\/pages\/2003\/revisions\/7543"}],"wp:featuredmedia":[{"embeddable":true,"href":"https:\/\/www.amotravel.com\/fr\/wp-json\/wp\/v2\/media\/5320"}],"wp:attachment":[{"href":"https:\/\/www.amotravel.com\/fr\/wp-json\/wp\/v2\/media?parent=2003"}],"curies":[{"name":"wp","href":"https:\/\/api.w.org\/{rel}","templated":true}]}}