{"id":1555,"date":"2016-06-06T11:09:59","date_gmt":"2016-06-06T11:09:59","guid":{"rendered":"http:\/\/viaggi.dorola.net\/?page_id=1555"},"modified":"2024-07-30T03:20:53","modified_gmt":"2024-07-30T03:20:53","slug":"licence-tour-operateur-international","status":"publish","type":"page","link":"https:\/\/www.amotravel.com\/fr\/licence-tour-operateur-international\/","title":{"rendered":"Licence De Tour Op\u00e9rateur International"},"content":{"rendered":"<p><strong>LICENCE DE TOUR OP\u00c9RATEUR INTERNATIONAL<\/strong><\/p>\n<p>Licence de Tour Op\u00e9rateur International est lanc\u00e9 par VNAT- D\u00e9partement g\u00e9n\u00e9ral vietnamien du tourisme &#8211; l&rsquo;Office de Tourisme du gouvernement vietnamien. Cette licence est une certification contraignante d&rsquo;Amo Travel dans une banque agr\u00e9\u00e9e pour assurer la s\u00e9curit\u00e9 financi\u00e8re en mati\u00e8re de paiements anticip\u00e9s des clients, ainsi que la qualit\u00e9 des services de voyage<\/p>\n<p>Pour plus d&rsquo;informations, les clients devraient v\u00e9rifier avec VNAT- D\u00e9partement g\u00e9n\u00e9ral vietnamien du tourisme (au bureau du gouvernement vietnamien\u00a0du Tourisme).<\/p>\n<p>&nbsp;<\/p>\n<p>S&rsquo;il vous pla\u00eet envoyez un courriel \u00e0: <a href=\"mailto:titc@vietnamtourism.gov.vn\">titc@vietnamtourism.gov.vn<\/a>\u00a0ou t\u00e9l\u00e9phonez \u00e0: +84 3944 7571<\/p>\n<p>Ou voir notre licence internationale du Tour \u00e0 la position 530 sur le site Web du D\u00e9partement g\u00e9n\u00e9ral vietnamien\u00a0du Tourisme.<\/p>\n<p>Voici la paire originale de la\u00a0Licence de Tour Op\u00e9rateur International:<\/p>\n<p><img fetchpriority=\"high\" decoding=\"async\" class=\"alignnone size-full wp-image-8533\" src=\"https:\/\/www.amotravel.com\/fr\/wp-content\/uploads\/2024\/07\/z5668716008278_648f6e8b6781afeeb111f8a5ca883aa4.jpg\" alt=\"\" width=\"1772\" height=\"2560\" srcset=\"https:\/\/www.amotravel.com\/fr\/wp-content\/uploads\/2024\/07\/z5668716008278_648f6e8b6781afeeb111f8a5ca883aa4.jpg 1772w, https:\/\/www.amotravel.com\/fr\/wp-content\/uploads\/2024\/07\/z5668716008278_648f6e8b6781afeeb111f8a5ca883aa4-208x300.jpg 208w, https:\/\/www.amotravel.com\/fr\/wp-content\/uploads\/2024\/07\/z5668716008278_648f6e8b6781afeeb111f8a5ca883aa4-415x600.jpg 415w, https:\/\/www.amotravel.com\/fr\/wp-content\/uploads\/2024\/07\/z5668716008278_648f6e8b6781afeeb111f8a5ca883aa4-1063x1536.jpg 1063w, https:\/\/www.amotravel.com\/fr\/wp-content\/uploads\/2024\/07\/z5668716008278_648f6e8b6781afeeb111f8a5ca883aa4-1418x2048.jpg 1418w\" sizes=\"(max-width: 1772px) 100vw, 1772px\" \/><\/p>\n","protected":false},"excerpt":{"rendered":"<p>LICENCE DE TOUR OP\u00c9RATEUR INTERNATIONAL Licence de Tour Op\u00e9rateur International est lanc\u00e9 par VNAT- D\u00e9partement g\u00e9n\u00e9ral vietnamien du tourisme &#8211; l&rsquo;Office de Tourisme du gouvernement vietnamien. Cette licence est une certification contraignante d&rsquo;Amo Travel dans une banque agr\u00e9\u00e9e pour assurer la s\u00e9curit\u00e9 financi\u00e8re en mati\u00e8re de paiements anticip\u00e9s des clients, ainsi que la qualit\u00e9 des [&hellip;]<\/p>\n","protected":false},"author":4,"featured_media":0,"parent":0,"menu_order":0,"comment_status":"closed","ping_status":"closed","template":"","meta":{"footnotes":""},"class_list":["post-1555","page","type-page","status-publish","hentry"],"yoast_head":"<!-- This site is optimized with the Yoast SEO plugin v24.7 - https:\/\/yoast.com\/wordpress\/plugins\/seo\/ -->\n<title>Licence De Tour Op\u00e9rateur International - Voyage en Asie d&#039;Amo Travel<\/title>\n<meta name=\"description\" content=\"les clients devraient v\u00e9rifier avec VNAT- D\u00e9partement g\u00e9n\u00e9ral vietnamien du tourisme (au bureau du gouvernement vietnamien du Tourisme).\" \/>\n<meta name=\"robots\" content=\"index, follow, max-snippet:-1, max-image-preview:large, max-video-preview:-1\" \/>\n<link rel=\"canonical\" href=\"https:\/\/www.amotravel.com\/fr\/licence-tour-operateur-international\/\" \/>\n<meta property=\"og:locale\" content=\"fr_FR\" \/>\n<meta property=\"og:type\" content=\"article\" \/>\n<meta property=\"og:title\" content=\"Licence De Tour Op\u00e9rateur International - Voyage en Asie d&#039;Amo Travel\" \/>\n<meta property=\"og:description\" content=\"les clients devraient v\u00e9rifier avec VNAT- D\u00e9partement g\u00e9n\u00e9ral vietnamien du tourisme (au bureau du gouvernement vietnamien du Tourisme).\" \/>\n<meta property=\"og:url\" content=\"https:\/\/www.amotravel.com\/fr\/licence-tour-operateur-international\/\" \/>\n<meta property=\"og:site_name\" content=\"Amo Travel\" \/>\n<meta property=\"article:modified_time\" content=\"2024-07-30T03:20:53+00:00\" \/>\n<meta property=\"og:image\" content=\"https:\/\/www.amotravel.com\/fr\/wp-content\/uploads\/2024\/07\/z5668716008278_648f6e8b6781afeeb111f8a5ca883aa4.jpg\" \/>\n<meta name=\"twitter:card\" content=\"summary_large_image\" \/>\n<meta name=\"twitter:label1\" content=\"Dur\u00e9e de lecture estim\u00e9e\" \/>\n\t<meta name=\"twitter:data1\" content=\"1 minute\" \/>\n<script type=\"application\/ld+json\" class=\"yoast-schema-graph\">{\"@context\":\"https:\/\/schema.org\",\"@graph\":[{\"@type\":\"WebPage\",\"@id\":\"https:\/\/www.amotravel.com\/fr\/licence-tour-operateur-international\/\",\"url\":\"https:\/\/www.amotravel.com\/fr\/licence-tour-operateur-international\/\",\"name\":\"Licence De Tour Op\u00e9rateur International - Voyage en Asie d'Amo Travel\",\"isPartOf\":{\"@id\":\"https:\/\/www.amotravel.com\/fr\/#website\"},\"primaryImageOfPage\":{\"@id\":\"https:\/\/www.amotravel.com\/fr\/licence-tour-operateur-international\/#primaryimage\"},\"image\":{\"@id\":\"https:\/\/www.amotravel.com\/fr\/licence-tour-operateur-international\/#primaryimage\"},\"thumbnailUrl\":\"https:\/\/www.amotravel.com\/fr\/wp-content\/uploads\/2024\/07\/z5668716008278_648f6e8b6781afeeb111f8a5ca883aa4.jpg\",\"datePublished\":\"2016-06-06T11:09:59+00:00\",\"dateModified\":\"2024-07-30T03:20:53+00:00\",\"description\":\"les clients devraient v\u00e9rifier avec VNAT- D\u00e9partement g\u00e9n\u00e9ral vietnamien du tourisme (au bureau du gouvernement vietnamien du Tourisme).\",\"breadcrumb\":{\"@id\":\"https:\/\/www.amotravel.com\/fr\/licence-tour-operateur-international\/#breadcrumb\"},\"inLanguage\":\"fr-FR\",\"potentialAction\":[{\"@type\":\"ReadAction\",\"target\":[\"https:\/\/www.amotravel.com\/fr\/licence-tour-operateur-international\/\"]}]},{\"@type\":\"ImageObject\",\"inLanguage\":\"fr-FR\",\"@id\":\"https:\/\/www.amotravel.com\/fr\/licence-tour-operateur-international\/#primaryimage\",\"url\":\"https:\/\/www.amotravel.com\/fr\/wp-content\/uploads\/2024\/07\/z5668716008278_648f6e8b6781afeeb111f8a5ca883aa4.jpg\",\"contentUrl\":\"https:\/\/www.amotravel.com\/fr\/wp-content\/uploads\/2024\/07\/z5668716008278_648f6e8b6781afeeb111f8a5ca883aa4.jpg\",\"width\":1772,\"height\":2560},{\"@type\":\"BreadcrumbList\",\"@id\":\"https:\/\/www.amotravel.com\/fr\/licence-tour-operateur-international\/#breadcrumb\",\"itemListElement\":[{\"@type\":\"ListItem\",\"position\":1,\"name\":\"Accueil\",\"item\":\"https:\/\/www.amotravel.com\/fr\/\"},{\"@type\":\"ListItem\",\"position\":2,\"name\":\"Licence De Tour Op\u00e9rateur International\"}]},{\"@type\":\"WebSite\",\"@id\":\"https:\/\/www.amotravel.com\/fr\/#website\",\"url\":\"https:\/\/www.amotravel.com\/fr\/\",\"name\":\"Amo Travel\",\"description\":\"\",\"publisher\":{\"@id\":\"https:\/\/www.amotravel.com\/fr\/#organization\"},\"potentialAction\":[{\"@type\":\"SearchAction\",\"target\":{\"@type\":\"EntryPoint\",\"urlTemplate\":\"https:\/\/www.amotravel.com\/fr\/?s={search_term_string}\"},\"query-input\":{\"@type\":\"PropertyValueSpecification\",\"valueRequired\":true,\"valueName\":\"search_term_string\"}}],\"inLanguage\":\"fr-FR\"},{\"@type\":\"Organization\",\"@id\":\"https:\/\/www.amotravel.com\/fr\/#organization\",\"name\":\"Amo Travel\",\"url\":\"https:\/\/www.amotravel.com\/fr\/\",\"logo\":{\"@type\":\"ImageObject\",\"inLanguage\":\"fr-FR\",\"@id\":\"https:\/\/www.amotravel.com\/fr\/#\/schema\/logo\/image\/\",\"url\":\"https:\/\/www.amotravel.com\/fr\/wp-content\/uploads\/2016\/07\/Logo-ATV-No-Slogan.png\",\"contentUrl\":\"https:\/\/www.amotravel.com\/fr\/wp-content\/uploads\/2016\/07\/Logo-ATV-No-Slogan.png\",\"width\":536,\"height\":85,\"caption\":\"Amo Travel\"},\"image\":{\"@id\":\"https:\/\/www.amotravel.com\/fr\/#\/schema\/logo\/image\/\"}}]}<\/script>\n<!-- \/ Yoast SEO plugin. -->","yoast_head_json":{"title":"Licence De Tour Op\u00e9rateur International - Voyage en Asie d'Amo Travel","description":"les clients devraient v\u00e9rifier avec VNAT- D\u00e9partement g\u00e9n\u00e9ral vietnamien du tourisme (au bureau du gouvernement vietnamien du Tourisme).","robots":{"index":"index","follow":"follow","max-snippet":"max-snippet:-1","max-image-preview":"max-image-preview:large","max-video-preview":"max-video-preview:-1"},"canonical":"https:\/\/www.amotravel.com\/fr\/licence-tour-operateur-international\/","og_locale":"fr_FR","og_type":"article","og_title":"Licence De Tour Op\u00e9rateur International - Voyage en Asie d'Amo Travel","og_description":"les clients devraient v\u00e9rifier avec VNAT- D\u00e9partement g\u00e9n\u00e9ral vietnamien du tourisme (au bureau du gouvernement vietnamien du Tourisme).","og_url":"https:\/\/www.amotravel.com\/fr\/licence-tour-operateur-international\/","og_site_name":"Amo Travel","article_modified_time":"2024-07-30T03:20:53+00:00","og_image":[{"url":"https:\/\/www.amotravel.com\/fr\/wp-content\/uploads\/2024\/07\/z5668716008278_648f6e8b6781afeeb111f8a5ca883aa4.jpg","type":"","width":"","height":""}],"twitter_card":"summary_large_image","twitter_misc":{"Dur\u00e9e de lecture estim\u00e9e":"1 minute"},"schema":{"@context":"https:\/\/schema.org","@graph":[{"@type":"WebPage","@id":"https:\/\/www.amotravel.com\/fr\/licence-tour-operateur-international\/","url":"https:\/\/www.amotravel.com\/fr\/licence-tour-operateur-international\/","name":"Licence De Tour Op\u00e9rateur International - Voyage en Asie d'Amo Travel","isPartOf":{"@id":"https:\/\/www.amotravel.com\/fr\/#website"},"primaryImageOfPage":{"@id":"https:\/\/www.amotravel.com\/fr\/licence-tour-operateur-international\/#primaryimage"},"image":{"@id":"https:\/\/www.amotravel.com\/fr\/licence-tour-operateur-international\/#primaryimage"},"thumbnailUrl":"https:\/\/www.amotravel.com\/fr\/wp-content\/uploads\/2024\/07\/z5668716008278_648f6e8b6781afeeb111f8a5ca883aa4.jpg","datePublished":"2016-06-06T11:09:59+00:00","dateModified":"2024-07-30T03:20:53+00:00","description":"les clients devraient v\u00e9rifier avec VNAT- D\u00e9partement g\u00e9n\u00e9ral vietnamien du tourisme (au bureau du gouvernement vietnamien du Tourisme).","breadcrumb":{"@id":"https:\/\/www.amotravel.com\/fr\/licence-tour-operateur-international\/#breadcrumb"},"inLanguage":"fr-FR","potentialAction":[{"@type":"ReadAction","target":["https:\/\/www.amotravel.com\/fr\/licence-tour-operateur-international\/"]}]},{"@type":"ImageObject","inLanguage":"fr-FR","@id":"https:\/\/www.amotravel.com\/fr\/licence-tour-operateur-international\/#primaryimage","url":"https:\/\/www.amotravel.com\/fr\/wp-content\/uploads\/2024\/07\/z5668716008278_648f6e8b6781afeeb111f8a5ca883aa4.jpg","contentUrl":"https:\/\/www.amotravel.com\/fr\/wp-content\/uploads\/2024\/07\/z5668716008278_648f6e8b6781afeeb111f8a5ca883aa4.jpg","width":1772,"height":2560},{"@type":"BreadcrumbList","@id":"https:\/\/www.amotravel.com\/fr\/licence-tour-operateur-international\/#breadcrumb","itemListElement":[{"@type":"ListItem","position":1,"name":"Accueil","item":"https:\/\/www.amotravel.com\/fr\/"},{"@type":"ListItem","position":2,"name":"Licence De Tour Op\u00e9rateur International"}]},{"@type":"WebSite","@id":"https:\/\/www.amotravel.com\/fr\/#website","url":"https:\/\/www.amotravel.com\/fr\/","name":"Amo Travel","description":"","publisher":{"@id":"https:\/\/www.amotravel.com\/fr\/#organization"},"potentialAction":[{"@type":"SearchAction","target":{"@type":"EntryPoint","urlTemplate":"https:\/\/www.amotravel.com\/fr\/?s={search_term_string}"},"query-input":{"@type":"PropertyValueSpecification","valueRequired":true,"valueName":"search_term_string"}}],"inLanguage":"fr-FR"},{"@type":"Organization","@id":"https:\/\/www.amotravel.com\/fr\/#organization","name":"Amo Travel","url":"https:\/\/www.amotravel.com\/fr\/","logo":{"@type":"ImageObject","inLanguage":"fr-FR","@id":"https:\/\/www.amotravel.com\/fr\/#\/schema\/logo\/image\/","url":"https:\/\/www.amotravel.com\/fr\/wp-content\/uploads\/2016\/07\/Logo-ATV-No-Slogan.png","contentUrl":"https:\/\/www.amotravel.com\/fr\/wp-content\/uploads\/2016\/07\/Logo-ATV-No-Slogan.png","width":536,"height":85,"caption":"Amo Travel"},"image":{"@id":"https:\/\/www.amotravel.com\/fr\/#\/schema\/logo\/image\/"}}]}},"_links":{"self":[{"href":"https:\/\/www.amotravel.com\/fr\/wp-json\/wp\/v2\/pages\/1555","targetHints":{"allow":["GET"]}}],"collection":[{"href":"https:\/\/www.amotravel.com\/fr\/wp-json\/wp\/v2\/pages"}],"about":[{"href":"https:\/\/www.amotravel.com\/fr\/wp-json\/wp\/v2\/types\/page"}],"author":[{"embeddable":true,"href":"https:\/\/www.amotravel.com\/fr\/wp-json\/wp\/v2\/users\/4"}],"replies":[{"embeddable":true,"href":"https:\/\/www.amotravel.com\/fr\/wp-json\/wp\/v2\/comments?post=1555"}],"version-history":[{"count":12,"href":"https:\/\/www.amotravel.com\/fr\/wp-json\/wp\/v2\/pages\/1555\/revisions"}],"predecessor-version":[{"id":3072,"href":"https:\/\/www.amotravel.com\/fr\/wp-json\/wp\/v2\/pages\/1555\/revisions\/3072"}],"wp:attachment":[{"href":"https:\/\/www.amotravel.com\/fr\/wp-json\/wp\/v2\/media?parent=1555"}],"curies":[{"name":"wp","href":"https:\/\/api.w.org\/{rel}","templated":true}]}}