{"id":1534,"date":"2016-06-06T10:55:49","date_gmt":"2016-06-06T10:55:49","guid":{"rendered":"http:\/\/viaggi.dorola.net\/?page_id=1534"},"modified":"2025-08-14T03:17:18","modified_gmt":"2025-08-14T03:17:18","slug":"la-licence-daffaires","status":"publish","type":"page","link":"https:\/\/www.amotravel.com\/fr\/la-licence-daffaires\/","title":{"rendered":"La licence d&rsquo;affaires"},"content":{"rendered":"<p><strong>Amo Travel<\/strong> est fi\u00e8re d&rsquo;offrir une filiale vietnamienne \u00e0 \u00a0licence d&rsquo;affaires de voyages \u00a0sous le droit vietnamien du Commerce (Publi\u00e9 par l&rsquo;Assembl\u00e9e nationale du Vietnam le 8 D\u00e9cembre 2009) et la loi vietnamienne sur le tourisme.<\/p>\n<p>Num\u00e9ro de de licence d&rsquo;affaires \u00a0avec le code fiscal <a class=\"link_highlighted\" href=\"http:\/\/context.reverso.net\/traduction\/francais-italien\/num%C3%A9ro+d%27identification+fiscale\"><em>num\u00e9ro d&rsquo;identification fiscale<\/em><\/a>\u00a0est: 0105010213- publi\u00e9e par Hanoi D\u00e9partement de Hanoi de la planification et de l&rsquo;investissement.<\/p>\n<p>Voici la copie originale de notre licence d&rsquo;exploitation:<\/p>\n<p>&nbsp;<\/p>\n<p><img fetchpriority=\"high\" decoding=\"async\" class=\"alignnone size-full wp-image-31741\" src=\"https:\/\/www.amotravel.com\/fr\/wp-content\/uploads\/2025\/08\/z6905289447594_6a3f53c17be23df4bd0cc97638a7d9c9.jpg\" alt=\"\" width=\"1757\" height=\"2560\" srcset=\"https:\/\/www.amotravel.com\/fr\/wp-content\/uploads\/2025\/08\/z6905289447594_6a3f53c17be23df4bd0cc97638a7d9c9.jpg 1757w, https:\/\/www.amotravel.com\/fr\/wp-content\/uploads\/2025\/08\/z6905289447594_6a3f53c17be23df4bd0cc97638a7d9c9-206x300.jpg 206w, https:\/\/www.amotravel.com\/fr\/wp-content\/uploads\/2025\/08\/z6905289447594_6a3f53c17be23df4bd0cc97638a7d9c9-412x600.jpg 412w, https:\/\/www.amotravel.com\/fr\/wp-content\/uploads\/2025\/08\/z6905289447594_6a3f53c17be23df4bd0cc97638a7d9c9-1054x1536.jpg 1054w, https:\/\/www.amotravel.com\/fr\/wp-content\/uploads\/2025\/08\/z6905289447594_6a3f53c17be23df4bd0cc97638a7d9c9-1406x2048.jpg 1406w\" sizes=\"(max-width: 1757px) 100vw, 1757px\" \/><\/p>\n","protected":false},"excerpt":{"rendered":"<p>Amo Travel est fi\u00e8re d&rsquo;offrir une filiale vietnamienne \u00e0 \u00a0licence d&rsquo;affaires de voyages \u00a0sous le droit vietnamien du Commerce (Publi\u00e9 par l&rsquo;Assembl\u00e9e nationale du Vietnam le 8 D\u00e9cembre 2009) et la loi vietnamienne sur le tourisme. Num\u00e9ro de de licence d&rsquo;affaires \u00a0avec le code fiscal num\u00e9ro d&rsquo;identification fiscale\u00a0est: 0105010213- publi\u00e9e par Hanoi D\u00e9partement de Hanoi [&hellip;]<\/p>\n","protected":false},"author":4,"featured_media":0,"parent":0,"menu_order":0,"comment_status":"closed","ping_status":"closed","template":"","meta":{"footnotes":""},"class_list":["post-1534","page","type-page","status-publish","hentry"],"yoast_head":"<!-- This site is optimized with the Yoast SEO plugin v24.7 - https:\/\/yoast.com\/wordpress\/plugins\/seo\/ -->\n<title>La licence d&#039;affaires - Voyage Vietnam,Laos,Cambodge de Amo Travel<\/title>\n<meta name=\"description\" content=\"Amo est fi\u00e8re d&#039;offrir une filiale vietnamienne \u00e0 licence d&#039;affaire de voyages sous le droit vietnamien du Commerce et la loi vietnamienne sur le tourisme.\" \/>\n<meta name=\"robots\" content=\"index, follow, max-snippet:-1, max-image-preview:large, max-video-preview:-1\" \/>\n<link rel=\"canonical\" href=\"https:\/\/www.amotravel.com\/fr\/la-licence-daffaires\/\" \/>\n<meta property=\"og:locale\" content=\"fr_FR\" \/>\n<meta property=\"og:type\" content=\"article\" \/>\n<meta property=\"og:title\" content=\"La licence d&#039;affaires - Voyage Vietnam,Laos,Cambodge de Amo Travel\" \/>\n<meta property=\"og:description\" content=\"Amo est fi\u00e8re d&#039;offrir une filiale vietnamienne \u00e0 licence d&#039;affaire de voyages sous le droit vietnamien du Commerce et la loi vietnamienne sur le tourisme.\" \/>\n<meta property=\"og:url\" content=\"https:\/\/www.amotravel.com\/fr\/la-licence-daffaires\/\" \/>\n<meta property=\"og:site_name\" content=\"Amo Travel\" \/>\n<meta property=\"article:modified_time\" content=\"2025-08-14T03:17:18+00:00\" \/>\n<meta property=\"og:image\" content=\"https:\/\/www.amotravel.com\/fr\/wp-content\/uploads\/2025\/08\/z6905289447594_6a3f53c17be23df4bd0cc97638a7d9c9.jpg\" \/>\n\t<meta property=\"og:image:width\" content=\"1757\" \/>\n\t<meta property=\"og:image:height\" content=\"2560\" \/>\n\t<meta property=\"og:image:type\" content=\"image\/jpeg\" \/>\n<meta name=\"twitter:card\" content=\"summary_large_image\" \/>\n<meta name=\"twitter:label1\" content=\"Dur\u00e9e de lecture estim\u00e9e\" \/>\n\t<meta name=\"twitter:data1\" content=\"1 minute\" \/>\n<script type=\"application\/ld+json\" class=\"yoast-schema-graph\">{\"@context\":\"https:\/\/schema.org\",\"@graph\":[{\"@type\":\"WebPage\",\"@id\":\"https:\/\/www.amotravel.com\/fr\/la-licence-daffaires\/\",\"url\":\"https:\/\/www.amotravel.com\/fr\/la-licence-daffaires\/\",\"name\":\"La licence d'affaires - Voyage Vietnam,Laos,Cambodge de Amo Travel\",\"isPartOf\":{\"@id\":\"https:\/\/www.amotravel.com\/fr\/#website\"},\"primaryImageOfPage\":{\"@id\":\"https:\/\/www.amotravel.com\/fr\/la-licence-daffaires\/#primaryimage\"},\"image\":{\"@id\":\"https:\/\/www.amotravel.com\/fr\/la-licence-daffaires\/#primaryimage\"},\"thumbnailUrl\":\"https:\/\/www.amotravel.com\/fr\/wp-content\/uploads\/2025\/08\/z6905289447594_6a3f53c17be23df4bd0cc97638a7d9c9.jpg\",\"datePublished\":\"2016-06-06T10:55:49+00:00\",\"dateModified\":\"2025-08-14T03:17:18+00:00\",\"description\":\"Amo est fi\u00e8re d'offrir une filiale vietnamienne \u00e0 licence d'affaire de voyages sous le droit vietnamien du Commerce et la loi vietnamienne sur le tourisme.\",\"breadcrumb\":{\"@id\":\"https:\/\/www.amotravel.com\/fr\/la-licence-daffaires\/#breadcrumb\"},\"inLanguage\":\"fr-FR\",\"potentialAction\":[{\"@type\":\"ReadAction\",\"target\":[\"https:\/\/www.amotravel.com\/fr\/la-licence-daffaires\/\"]}]},{\"@type\":\"ImageObject\",\"inLanguage\":\"fr-FR\",\"@id\":\"https:\/\/www.amotravel.com\/fr\/la-licence-daffaires\/#primaryimage\",\"url\":\"https:\/\/www.amotravel.com\/fr\/wp-content\/uploads\/2025\/08\/z6905289447594_6a3f53c17be23df4bd0cc97638a7d9c9.jpg\",\"contentUrl\":\"https:\/\/www.amotravel.com\/fr\/wp-content\/uploads\/2025\/08\/z6905289447594_6a3f53c17be23df4bd0cc97638a7d9c9.jpg\",\"width\":1757,\"height\":2560},{\"@type\":\"BreadcrumbList\",\"@id\":\"https:\/\/www.amotravel.com\/fr\/la-licence-daffaires\/#breadcrumb\",\"itemListElement\":[{\"@type\":\"ListItem\",\"position\":1,\"name\":\"Accueil\",\"item\":\"https:\/\/www.amotravel.com\/fr\/\"},{\"@type\":\"ListItem\",\"position\":2,\"name\":\"La licence d&rsquo;affaires\"}]},{\"@type\":\"WebSite\",\"@id\":\"https:\/\/www.amotravel.com\/fr\/#website\",\"url\":\"https:\/\/www.amotravel.com\/fr\/\",\"name\":\"Amo Travel\",\"description\":\"\",\"publisher\":{\"@id\":\"https:\/\/www.amotravel.com\/fr\/#organization\"},\"potentialAction\":[{\"@type\":\"SearchAction\",\"target\":{\"@type\":\"EntryPoint\",\"urlTemplate\":\"https:\/\/www.amotravel.com\/fr\/?s={search_term_string}\"},\"query-input\":{\"@type\":\"PropertyValueSpecification\",\"valueRequired\":true,\"valueName\":\"search_term_string\"}}],\"inLanguage\":\"fr-FR\"},{\"@type\":\"Organization\",\"@id\":\"https:\/\/www.amotravel.com\/fr\/#organization\",\"name\":\"Amo Travel\",\"url\":\"https:\/\/www.amotravel.com\/fr\/\",\"logo\":{\"@type\":\"ImageObject\",\"inLanguage\":\"fr-FR\",\"@id\":\"https:\/\/www.amotravel.com\/fr\/#\/schema\/logo\/image\/\",\"url\":\"https:\/\/www.amotravel.com\/fr\/wp-content\/uploads\/2016\/07\/Logo-ATV-No-Slogan.png\",\"contentUrl\":\"https:\/\/www.amotravel.com\/fr\/wp-content\/uploads\/2016\/07\/Logo-ATV-No-Slogan.png\",\"width\":536,\"height\":85,\"caption\":\"Amo Travel\"},\"image\":{\"@id\":\"https:\/\/www.amotravel.com\/fr\/#\/schema\/logo\/image\/\"}}]}<\/script>\n<!-- \/ Yoast SEO plugin. -->","yoast_head_json":{"title":"La licence d'affaires - Voyage Vietnam,Laos,Cambodge de Amo Travel","description":"Amo est fi\u00e8re d'offrir une filiale vietnamienne \u00e0 licence d'affaire de voyages sous le droit vietnamien du Commerce et la loi vietnamienne sur le tourisme.","robots":{"index":"index","follow":"follow","max-snippet":"max-snippet:-1","max-image-preview":"max-image-preview:large","max-video-preview":"max-video-preview:-1"},"canonical":"https:\/\/www.amotravel.com\/fr\/la-licence-daffaires\/","og_locale":"fr_FR","og_type":"article","og_title":"La licence d'affaires - Voyage Vietnam,Laos,Cambodge de Amo Travel","og_description":"Amo est fi\u00e8re d'offrir une filiale vietnamienne \u00e0 licence d'affaire de voyages sous le droit vietnamien du Commerce et la loi vietnamienne sur le tourisme.","og_url":"https:\/\/www.amotravel.com\/fr\/la-licence-daffaires\/","og_site_name":"Amo Travel","article_modified_time":"2025-08-14T03:17:18+00:00","og_image":[{"width":1757,"height":2560,"url":"https:\/\/www.amotravel.com\/fr\/wp-content\/uploads\/2025\/08\/z6905289447594_6a3f53c17be23df4bd0cc97638a7d9c9.jpg","type":"image\/jpeg"}],"twitter_card":"summary_large_image","twitter_misc":{"Dur\u00e9e de lecture estim\u00e9e":"1 minute"},"schema":{"@context":"https:\/\/schema.org","@graph":[{"@type":"WebPage","@id":"https:\/\/www.amotravel.com\/fr\/la-licence-daffaires\/","url":"https:\/\/www.amotravel.com\/fr\/la-licence-daffaires\/","name":"La licence d'affaires - Voyage Vietnam,Laos,Cambodge de Amo Travel","isPartOf":{"@id":"https:\/\/www.amotravel.com\/fr\/#website"},"primaryImageOfPage":{"@id":"https:\/\/www.amotravel.com\/fr\/la-licence-daffaires\/#primaryimage"},"image":{"@id":"https:\/\/www.amotravel.com\/fr\/la-licence-daffaires\/#primaryimage"},"thumbnailUrl":"https:\/\/www.amotravel.com\/fr\/wp-content\/uploads\/2025\/08\/z6905289447594_6a3f53c17be23df4bd0cc97638a7d9c9.jpg","datePublished":"2016-06-06T10:55:49+00:00","dateModified":"2025-08-14T03:17:18+00:00","description":"Amo est fi\u00e8re d'offrir une filiale vietnamienne \u00e0 licence d'affaire de voyages sous le droit vietnamien du Commerce et la loi vietnamienne sur le tourisme.","breadcrumb":{"@id":"https:\/\/www.amotravel.com\/fr\/la-licence-daffaires\/#breadcrumb"},"inLanguage":"fr-FR","potentialAction":[{"@type":"ReadAction","target":["https:\/\/www.amotravel.com\/fr\/la-licence-daffaires\/"]}]},{"@type":"ImageObject","inLanguage":"fr-FR","@id":"https:\/\/www.amotravel.com\/fr\/la-licence-daffaires\/#primaryimage","url":"https:\/\/www.amotravel.com\/fr\/wp-content\/uploads\/2025\/08\/z6905289447594_6a3f53c17be23df4bd0cc97638a7d9c9.jpg","contentUrl":"https:\/\/www.amotravel.com\/fr\/wp-content\/uploads\/2025\/08\/z6905289447594_6a3f53c17be23df4bd0cc97638a7d9c9.jpg","width":1757,"height":2560},{"@type":"BreadcrumbList","@id":"https:\/\/www.amotravel.com\/fr\/la-licence-daffaires\/#breadcrumb","itemListElement":[{"@type":"ListItem","position":1,"name":"Accueil","item":"https:\/\/www.amotravel.com\/fr\/"},{"@type":"ListItem","position":2,"name":"La licence d&rsquo;affaires"}]},{"@type":"WebSite","@id":"https:\/\/www.amotravel.com\/fr\/#website","url":"https:\/\/www.amotravel.com\/fr\/","name":"Amo Travel","description":"","publisher":{"@id":"https:\/\/www.amotravel.com\/fr\/#organization"},"potentialAction":[{"@type":"SearchAction","target":{"@type":"EntryPoint","urlTemplate":"https:\/\/www.amotravel.com\/fr\/?s={search_term_string}"},"query-input":{"@type":"PropertyValueSpecification","valueRequired":true,"valueName":"search_term_string"}}],"inLanguage":"fr-FR"},{"@type":"Organization","@id":"https:\/\/www.amotravel.com\/fr\/#organization","name":"Amo Travel","url":"https:\/\/www.amotravel.com\/fr\/","logo":{"@type":"ImageObject","inLanguage":"fr-FR","@id":"https:\/\/www.amotravel.com\/fr\/#\/schema\/logo\/image\/","url":"https:\/\/www.amotravel.com\/fr\/wp-content\/uploads\/2016\/07\/Logo-ATV-No-Slogan.png","contentUrl":"https:\/\/www.amotravel.com\/fr\/wp-content\/uploads\/2016\/07\/Logo-ATV-No-Slogan.png","width":536,"height":85,"caption":"Amo Travel"},"image":{"@id":"https:\/\/www.amotravel.com\/fr\/#\/schema\/logo\/image\/"}}]}},"_links":{"self":[{"href":"https:\/\/www.amotravel.com\/fr\/wp-json\/wp\/v2\/pages\/1534","targetHints":{"allow":["GET"]}}],"collection":[{"href":"https:\/\/www.amotravel.com\/fr\/wp-json\/wp\/v2\/pages"}],"about":[{"href":"https:\/\/www.amotravel.com\/fr\/wp-json\/wp\/v2\/types\/page"}],"author":[{"embeddable":true,"href":"https:\/\/www.amotravel.com\/fr\/wp-json\/wp\/v2\/users\/4"}],"replies":[{"embeddable":true,"href":"https:\/\/www.amotravel.com\/fr\/wp-json\/wp\/v2\/comments?post=1534"}],"version-history":[{"count":13,"href":"https:\/\/www.amotravel.com\/fr\/wp-json\/wp\/v2\/pages\/1534\/revisions"}],"predecessor-version":[{"id":31742,"href":"https:\/\/www.amotravel.com\/fr\/wp-json\/wp\/v2\/pages\/1534\/revisions\/31742"}],"wp:attachment":[{"href":"https:\/\/www.amotravel.com\/fr\/wp-json\/wp\/v2\/media?parent=1534"}],"curies":[{"name":"wp","href":"https:\/\/api.w.org\/{rel}","templated":true}]}}